{"id":90,"date":"2022-08-11T09:54:59","date_gmt":"2022-08-11T09:54:59","guid":{"rendered":"https:\/\/ecoledemusiquedecazeres.fr\/?page_id=90"},"modified":"2025-11-06T08:38:53","modified_gmt":"2025-11-06T08:38:53","slug":"tarif","status":"publish","type":"page","link":"https:\/\/ecoledemusiquedecazeres.fr\/?page_id=90","title":{"rendered":"Tarifs et calendrier"},"content":{"rendered":"\n<figure class=\"wp-block-image size-large\"><img loading=\"lazy\" decoding=\"async\" width=\"1024\" height=\"755\" src=\"https:\/\/ecoledemusiquedecazeres.fr\/wp-content\/uploads\/2025\/11\/Capture-decran-2025-11-06-a-09.36.34-1024x755.png\" alt=\"\" class=\"wp-image-637\" srcset=\"https:\/\/ecoledemusiquedecazeres.fr\/wp-content\/uploads\/2025\/11\/Capture-decran-2025-11-06-a-09.36.34-1024x755.png 1024w, https:\/\/ecoledemusiquedecazeres.fr\/wp-content\/uploads\/2025\/11\/Capture-decran-2025-11-06-a-09.36.34-300x221.png 300w, https:\/\/ecoledemusiquedecazeres.fr\/wp-content\/uploads\/2025\/11\/Capture-decran-2025-11-06-a-09.36.34-768x567.png 768w, https:\/\/ecoledemusiquedecazeres.fr\/wp-content\/uploads\/2025\/11\/Capture-decran-2025-11-06-a-09.36.34-1536x1133.png 1536w, https:\/\/ecoledemusiquedecazeres.fr\/wp-content\/uploads\/2025\/11\/Capture-decran-2025-11-06-a-09.36.34-1320x974.png 1320w, https:\/\/ecoledemusiquedecazeres.fr\/wp-content\/uploads\/2025\/11\/Capture-decran-2025-11-06-a-09.36.34.png 2044w\" sizes=\"auto, (max-width: 1024px) 100vw, 1024px\" \/><\/figure>\n\n\n\n<figure class=\"wp-block-image size-full\"><img loading=\"lazy\" decoding=\"async\" width=\"1500\" height=\"1436\" src=\"https:\/\/ecoledemusiquedecazeres.fr\/wp-content\/uploads\/2025\/09\/Capture-decran-2025-09-02-a-17.34.26.png\" alt=\"\" class=\"wp-image-620\" srcset=\"https:\/\/ecoledemusiquedecazeres.fr\/wp-content\/uploads\/2025\/09\/Capture-decran-2025-09-02-a-17.34.26.png 1500w, https:\/\/ecoledemusiquedecazeres.fr\/wp-content\/uploads\/2025\/09\/Capture-decran-2025-09-02-a-17.34.26-300x287.png 300w, https:\/\/ecoledemusiquedecazeres.fr\/wp-content\/uploads\/2025\/09\/Capture-decran-2025-09-02-a-17.34.26-1024x980.png 1024w, https:\/\/ecoledemusiquedecazeres.fr\/wp-content\/uploads\/2025\/09\/Capture-decran-2025-09-02-a-17.34.26-768x735.png 768w, https:\/\/ecoledemusiquedecazeres.fr\/wp-content\/uploads\/2025\/09\/Capture-decran-2025-09-02-a-17.34.26-1320x1264.png 1320w\" sizes=\"auto, (max-width: 1500px) 100vw, 1500px\" \/><\/figure>\n","protected":false},"excerpt":{"rendered":"","protected":false},"author":1,"featured_media":0,"parent":0,"menu_order":0,"comment_status":"closed","ping_status":"closed","template":"","meta":{"_seopress_robots_primary_cat":"","_seopress_titles_title":"","_seopress_titles_desc":"","_seopress_robots_index":"","footnotes":""},"class_list":["post-90","page","type-page","status-publish"],"yoast_head":"<!-- This site is optimized with the Yoast SEO plugin v26.9 - https:\/\/yoast.com\/product\/yoast-seo-wordpress\/ -->\n<title>Tarifs et calendrier - \u00c9cole de musique de Caz\u00e8res de La Maison pour Tous<\/title>\n<meta name=\"robots\" content=\"index, follow, max-snippet:-1, max-image-preview:large, max-video-preview:-1\" \/>\n<link rel=\"canonical\" href=\"https:\/\/ecoledemusiquedecazeres.fr\/?page_id=90\" \/>\n<meta property=\"og:locale\" content=\"fr_FR\" \/>\n<meta property=\"og:type\" content=\"article\" \/>\n<meta property=\"og:title\" content=\"Tarifs et calendrier - \u00c9cole de musique de Caz\u00e8res de La Maison pour Tous\" \/>\n<meta property=\"og:url\" content=\"https:\/\/ecoledemusiquedecazeres.fr\/?page_id=90\" \/>\n<meta property=\"og:site_name\" content=\"\u00c9cole de musique de Caz\u00e8res de La Maison pour Tous\" \/>\n<meta property=\"article:publisher\" content=\"https:\/\/fr-fr.facebook.com\/ecolemusique.petitespyrenees\" \/>\n<meta property=\"article:modified_time\" content=\"2025-11-06T08:38:53+00:00\" \/>\n<meta property=\"og:image\" content=\"https:\/\/ecoledemusiquedecazeres.fr\/wp-content\/uploads\/2023\/07\/tarifs-2023.jpg\" \/>\n<meta name=\"twitter:card\" content=\"summary_large_image\" \/>\n<meta name=\"twitter:site\" content=\"@eimpp\" \/>\n<meta name=\"twitter:label1\" content=\"Dur\u00e9e de lecture estim\u00e9e\" \/>\n\t<meta name=\"twitter:data1\" content=\"1 minute\" \/>\n<script type=\"application\/ld+json\" class=\"yoast-schema-graph\">{\"@context\":\"https:\/\/schema.org\",\"@graph\":[{\"@type\":\"WebPage\",\"@id\":\"https:\/\/ecoledemusiquedecazeres.fr\/?page_id=90\",\"url\":\"https:\/\/ecoledemusiquedecazeres.fr\/?page_id=90\",\"name\":\"Tarifs et calendrier - \u00c9cole de musique de Caz\u00e8res de La Maison pour Tous\",\"isPartOf\":{\"@id\":\"https:\/\/ecoledemusiquedecazeres.fr\/#website\"},\"primaryImageOfPage\":{\"@id\":\"https:\/\/ecoledemusiquedecazeres.fr\/?page_id=90#primaryimage\"},\"image\":{\"@id\":\"https:\/\/ecoledemusiquedecazeres.fr\/?page_id=90#primaryimage\"},\"thumbnailUrl\":\"https:\/\/ecoledemusiquedecazeres.fr\/wp-content\/uploads\/2025\/11\/Capture-decran-2025-11-06-a-09.36.34-1024x755.png\",\"datePublished\":\"2022-08-11T09:54:59+00:00\",\"dateModified\":\"2025-11-06T08:38:53+00:00\",\"breadcrumb\":{\"@id\":\"https:\/\/ecoledemusiquedecazeres.fr\/?page_id=90#breadcrumb\"},\"inLanguage\":\"fr-FR\",\"potentialAction\":[{\"@type\":\"ReadAction\",\"target\":[\"https:\/\/ecoledemusiquedecazeres.fr\/?page_id=90\"]}]},{\"@type\":\"ImageObject\",\"inLanguage\":\"fr-FR\",\"@id\":\"https:\/\/ecoledemusiquedecazeres.fr\/?page_id=90#primaryimage\",\"url\":\"https:\/\/ecoledemusiquedecazeres.fr\/wp-content\/uploads\/2025\/11\/Capture-decran-2025-11-06-a-09.36.34.png\",\"contentUrl\":\"https:\/\/ecoledemusiquedecazeres.fr\/wp-content\/uploads\/2025\/11\/Capture-decran-2025-11-06-a-09.36.34.png\",\"width\":2044,\"height\":1508},{\"@type\":\"BreadcrumbList\",\"@id\":\"https:\/\/ecoledemusiquedecazeres.fr\/?page_id=90#breadcrumb\",\"itemListElement\":[{\"@type\":\"ListItem\",\"position\":1,\"name\":\"Accueil\",\"item\":\"https:\/\/ecoledemusiquedecazeres.fr\/\"},{\"@type\":\"ListItem\",\"position\":2,\"name\":\"Tarifs et calendrier\"}]},{\"@type\":\"WebSite\",\"@id\":\"https:\/\/ecoledemusiquedecazeres.fr\/#website\",\"url\":\"https:\/\/ecoledemusiquedecazeres.fr\/\",\"name\":\"\u00c9cole de musique de Caz\u00e8res de La Maison pour Tous\",\"description\":\"Site web de l&#039;\u00e9cole de musique de Caz\u00e8res de la Maison Pour Tous\",\"publisher\":{\"@id\":\"https:\/\/ecoledemusiquedecazeres.fr\/#organization\"},\"potentialAction\":[{\"@type\":\"SearchAction\",\"target\":{\"@type\":\"EntryPoint\",\"urlTemplate\":\"https:\/\/ecoledemusiquedecazeres.fr\/?s={search_term_string}\"},\"query-input\":{\"@type\":\"PropertyValueSpecification\",\"valueRequired\":true,\"valueName\":\"search_term_string\"}}],\"inLanguage\":\"fr-FR\"},{\"@type\":\"Organization\",\"@id\":\"https:\/\/ecoledemusiquedecazeres.fr\/#organization\",\"name\":\"\u00c9cole de musique de Caz\u00e8res de La Maison pour Tous\",\"url\":\"https:\/\/ecoledemusiquedecazeres.fr\/\",\"logo\":{\"@type\":\"ImageObject\",\"inLanguage\":\"fr-FR\",\"@id\":\"https:\/\/ecoledemusiquedecazeres.fr\/#\/schema\/logo\/image\/\",\"url\":\"https:\/\/ecoledemusiquedecazeres.fr\/wp-content\/uploads\/2022\/08\/image-1.jpg\",\"contentUrl\":\"https:\/\/ecoledemusiquedecazeres.fr\/wp-content\/uploads\/2022\/08\/image-1.jpg\",\"width\":907,\"height\":582,\"caption\":\"\u00c9cole de musique de Caz\u00e8res de La Maison pour Tous\"},\"image\":{\"@id\":\"https:\/\/ecoledemusiquedecazeres.fr\/#\/schema\/logo\/image\/\"},\"sameAs\":[\"https:\/\/fr-fr.facebook.com\/ecolemusique.petitespyrenees\",\"https:\/\/x.com\/eimpp\"]}]}<\/script>\n<!-- \/ Yoast SEO plugin. -->","yoast_head_json":{"title":"Tarifs et calendrier - \u00c9cole de musique de Caz\u00e8res de La Maison pour Tous","robots":{"index":"index","follow":"follow","max-snippet":"max-snippet:-1","max-image-preview":"max-image-preview:large","max-video-preview":"max-video-preview:-1"},"canonical":"https:\/\/ecoledemusiquedecazeres.fr\/?page_id=90","og_locale":"fr_FR","og_type":"article","og_title":"Tarifs et calendrier - \u00c9cole de musique de Caz\u00e8res de La Maison pour Tous","og_url":"https:\/\/ecoledemusiquedecazeres.fr\/?page_id=90","og_site_name":"\u00c9cole de musique de Caz\u00e8res de La Maison pour Tous","article_publisher":"https:\/\/fr-fr.facebook.com\/ecolemusique.petitespyrenees","article_modified_time":"2025-11-06T08:38:53+00:00","og_image":[{"url":"https:\/\/ecoledemusiquedecazeres.fr\/wp-content\/uploads\/2023\/07\/tarifs-2023.jpg","type":"","width":"","height":""}],"twitter_card":"summary_large_image","twitter_site":"@eimpp","twitter_misc":{"Dur\u00e9e de lecture estim\u00e9e":"1 minute"},"schema":{"@context":"https:\/\/schema.org","@graph":[{"@type":"WebPage","@id":"https:\/\/ecoledemusiquedecazeres.fr\/?page_id=90","url":"https:\/\/ecoledemusiquedecazeres.fr\/?page_id=90","name":"Tarifs et calendrier - \u00c9cole de musique de Caz\u00e8res de La Maison pour Tous","isPartOf":{"@id":"https:\/\/ecoledemusiquedecazeres.fr\/#website"},"primaryImageOfPage":{"@id":"https:\/\/ecoledemusiquedecazeres.fr\/?page_id=90#primaryimage"},"image":{"@id":"https:\/\/ecoledemusiquedecazeres.fr\/?page_id=90#primaryimage"},"thumbnailUrl":"https:\/\/ecoledemusiquedecazeres.fr\/wp-content\/uploads\/2025\/11\/Capture-decran-2025-11-06-a-09.36.34-1024x755.png","datePublished":"2022-08-11T09:54:59+00:00","dateModified":"2025-11-06T08:38:53+00:00","breadcrumb":{"@id":"https:\/\/ecoledemusiquedecazeres.fr\/?page_id=90#breadcrumb"},"inLanguage":"fr-FR","potentialAction":[{"@type":"ReadAction","target":["https:\/\/ecoledemusiquedecazeres.fr\/?page_id=90"]}]},{"@type":"ImageObject","inLanguage":"fr-FR","@id":"https:\/\/ecoledemusiquedecazeres.fr\/?page_id=90#primaryimage","url":"https:\/\/ecoledemusiquedecazeres.fr\/wp-content\/uploads\/2025\/11\/Capture-decran-2025-11-06-a-09.36.34.png","contentUrl":"https:\/\/ecoledemusiquedecazeres.fr\/wp-content\/uploads\/2025\/11\/Capture-decran-2025-11-06-a-09.36.34.png","width":2044,"height":1508},{"@type":"BreadcrumbList","@id":"https:\/\/ecoledemusiquedecazeres.fr\/?page_id=90#breadcrumb","itemListElement":[{"@type":"ListItem","position":1,"name":"Accueil","item":"https:\/\/ecoledemusiquedecazeres.fr\/"},{"@type":"ListItem","position":2,"name":"Tarifs et calendrier"}]},{"@type":"WebSite","@id":"https:\/\/ecoledemusiquedecazeres.fr\/#website","url":"https:\/\/ecoledemusiquedecazeres.fr\/","name":"\u00c9cole de musique de Caz\u00e8res de La Maison pour Tous","description":"Site web de l&#039;\u00e9cole de musique de Caz\u00e8res de la Maison Pour Tous","publisher":{"@id":"https:\/\/ecoledemusiquedecazeres.fr\/#organization"},"potentialAction":[{"@type":"SearchAction","target":{"@type":"EntryPoint","urlTemplate":"https:\/\/ecoledemusiquedecazeres.fr\/?s={search_term_string}"},"query-input":{"@type":"PropertyValueSpecification","valueRequired":true,"valueName":"search_term_string"}}],"inLanguage":"fr-FR"},{"@type":"Organization","@id":"https:\/\/ecoledemusiquedecazeres.fr\/#organization","name":"\u00c9cole de musique de Caz\u00e8res de La Maison pour Tous","url":"https:\/\/ecoledemusiquedecazeres.fr\/","logo":{"@type":"ImageObject","inLanguage":"fr-FR","@id":"https:\/\/ecoledemusiquedecazeres.fr\/#\/schema\/logo\/image\/","url":"https:\/\/ecoledemusiquedecazeres.fr\/wp-content\/uploads\/2022\/08\/image-1.jpg","contentUrl":"https:\/\/ecoledemusiquedecazeres.fr\/wp-content\/uploads\/2022\/08\/image-1.jpg","width":907,"height":582,"caption":"\u00c9cole de musique de Caz\u00e8res de La Maison pour Tous"},"image":{"@id":"https:\/\/ecoledemusiquedecazeres.fr\/#\/schema\/logo\/image\/"},"sameAs":["https:\/\/fr-fr.facebook.com\/ecolemusique.petitespyrenees","https:\/\/x.com\/eimpp"]}]}},"_links":{"self":[{"href":"https:\/\/ecoledemusiquedecazeres.fr\/index.php?rest_route=\/wp\/v2\/pages\/90","targetHints":{"allow":["GET"]}}],"collection":[{"href":"https:\/\/ecoledemusiquedecazeres.fr\/index.php?rest_route=\/wp\/v2\/pages"}],"about":[{"href":"https:\/\/ecoledemusiquedecazeres.fr\/index.php?rest_route=\/wp\/v2\/types\/page"}],"author":[{"embeddable":true,"href":"https:\/\/ecoledemusiquedecazeres.fr\/index.php?rest_route=\/wp\/v2\/users\/1"}],"replies":[{"embeddable":true,"href":"https:\/\/ecoledemusiquedecazeres.fr\/index.php?rest_route=%2Fwp%2Fv2%2Fcomments&post=90"}],"version-history":[{"count":18,"href":"https:\/\/ecoledemusiquedecazeres.fr\/index.php?rest_route=\/wp\/v2\/pages\/90\/revisions"}],"predecessor-version":[{"id":638,"href":"https:\/\/ecoledemusiquedecazeres.fr\/index.php?rest_route=\/wp\/v2\/pages\/90\/revisions\/638"}],"wp:attachment":[{"href":"https:\/\/ecoledemusiquedecazeres.fr\/index.php?rest_route=%2Fwp%2Fv2%2Fmedia&parent=90"}],"curies":[{"name":"wp","href":"https:\/\/api.w.org\/{rel}","templated":true}]}}