{"id":53,"date":"2022-08-11T08:57:44","date_gmt":"2022-08-11T08:57:44","guid":{"rendered":"https:\/\/ecoledemusiquedecazeres.fr\/?page_id=53"},"modified":"2023-08-22T15:15:32","modified_gmt":"2023-08-22T15:15:32","slug":"videos","status":"publish","type":"page","link":"https:\/\/ecoledemusiquedecazeres.fr\/?page_id=53","title":{"rendered":"Photos &#038; Vid\u00e9os"},"content":{"rendered":"\n<p>\u00e9cole de musique de Cazeres ann\u00e9e 2023<\/p>\n\n\n\n<div data-wp-interactive=\"core\/file\" class=\"wp-block-file\"><object data-wp-bind--hidden=\"!state.hasPdfPreview\" hidden class=\"wp-block-file__embed\" data=\"https:\/\/ecoledemusiquedecazeres.fr\/wp-content\/uploads\/2023\/05\/11-04-23-PROJET-PEDAGOGIQUE-2022-2026-1.pdf\" type=\"application\/pdf\" style=\"width:100%;height:600px\" aria-label=\"Contenu embarqu\u00e9 11-04-23-PROJET-PEDAGOGIQUE-2022-2026-1.\"><\/object><a id=\"wp-block-file--media-38eeec92-7c29-4465-b8b6-44faef2d56d6\" href=\"https:\/\/ecoledemusiquedecazeres.fr\/wp-content\/uploads\/2023\/05\/11-04-23-PROJET-PEDAGOGIQUE-2022-2026-1.pdf\">11-04-23-PROJET-PEDAGOGIQUE-2022-2026-1<\/a><a href=\"https:\/\/ecoledemusiquedecazeres.fr\/wp-content\/uploads\/2023\/05\/11-04-23-PROJET-PEDAGOGIQUE-2022-2026-1.pdf\" class=\"wp-block-file__button wp-element-button\" download aria-describedby=\"wp-block-file--media-38eeec92-7c29-4465-b8b6-44faef2d56d6\">T\u00e9l\u00e9charger<\/a><\/div>\n\n\n\n<h2 class=\"wp-block-heading has-x-large-font-size\">Pour suivre toutes les vid\u00e9os : <a href=\"https:\/\/www.youtube.com\/@ecolemusiquecazeresmpt3395\/videos\">https:\/\/www.youtube.com\/@ecolemusiquecazeresmpt3395\/videos<\/a> ou <\/h2>\n\n\n\n<h2 class=\"wp-block-heading\">Tous en F\u00eates le 10 juin 2023<\/h2>\n\n\n\n<hr class=\"wp-block-separator has-alpha-channel-opacity\"\/>\n\n\n\n<figure class=\"wp-block-image size-large\"><img loading=\"lazy\" decoding=\"async\" width=\"1024\" height=\"682\" src=\"https:\/\/ecoledemusiquedecazeres.fr\/wp-content\/uploads\/2023\/07\/WhatsApp-Image-2023-07-19-a-17.43.39-1024x682.jpg\" alt=\"La Formation Musicale en chanson sous l'espace garonne\" class=\"wp-image-427\" srcset=\"https:\/\/ecoledemusiquedecazeres.fr\/wp-content\/uploads\/2023\/07\/WhatsApp-Image-2023-07-19-a-17.43.39-1024x682.jpg 1024w, https:\/\/ecoledemusiquedecazeres.fr\/wp-content\/uploads\/2023\/07\/WhatsApp-Image-2023-07-19-a-17.43.39-300x200.jpg 300w, https:\/\/ecoledemusiquedecazeres.fr\/wp-content\/uploads\/2023\/07\/WhatsApp-Image-2023-07-19-a-17.43.39-768x512.jpg 768w, https:\/\/ecoledemusiquedecazeres.fr\/wp-content\/uploads\/2023\/07\/WhatsApp-Image-2023-07-19-a-17.43.39-1536x1023.jpg 1536w, https:\/\/ecoledemusiquedecazeres.fr\/wp-content\/uploads\/2023\/07\/WhatsApp-Image-2023-07-19-a-17.43.39-1320x879.jpg 1320w, https:\/\/ecoledemusiquedecazeres.fr\/wp-content\/uploads\/2023\/07\/WhatsApp-Image-2023-07-19-a-17.43.39.jpg 1600w\" sizes=\"auto, (max-width: 1024px) 100vw, 1024px\" \/><\/figure>\n\n\n\n<figure class=\"wp-block-image size-full\"><img loading=\"lazy\" decoding=\"async\" width=\"1600\" height=\"1066\" src=\"https:\/\/ecoledemusiquedecazeres.fr\/wp-content\/uploads\/2023\/07\/WhatsApp-Image-2023-07-19-a-17.43.37.jpg\" alt=\"\" class=\"wp-image-426\"\/><\/figure>\n\n\n\n<figure class=\"wp-block-image size-large\"><img loading=\"lazy\" decoding=\"async\" width=\"1024\" height=\"682\" src=\"https:\/\/ecoledemusiquedecazeres.fr\/wp-content\/uploads\/2023\/07\/WhatsApp-Image-2023-07-19-a-17.43.29-1024x682.jpg\" alt=\"\" class=\"wp-image-422\" srcset=\"https:\/\/ecoledemusiquedecazeres.fr\/wp-content\/uploads\/2023\/07\/WhatsApp-Image-2023-07-19-a-17.43.29-1024x682.jpg 1024w, https:\/\/ecoledemusiquedecazeres.fr\/wp-content\/uploads\/2023\/07\/WhatsApp-Image-2023-07-19-a-17.43.29-300x200.jpg 300w, https:\/\/ecoledemusiquedecazeres.fr\/wp-content\/uploads\/2023\/07\/WhatsApp-Image-2023-07-19-a-17.43.29-768x512.jpg 768w, https:\/\/ecoledemusiquedecazeres.fr\/wp-content\/uploads\/2023\/07\/WhatsApp-Image-2023-07-19-a-17.43.29-1536x1023.jpg 1536w, https:\/\/ecoledemusiquedecazeres.fr\/wp-content\/uploads\/2023\/07\/WhatsApp-Image-2023-07-19-a-17.43.29-1320x879.jpg 1320w, https:\/\/ecoledemusiquedecazeres.fr\/wp-content\/uploads\/2023\/07\/WhatsApp-Image-2023-07-19-a-17.43.29.jpg 1600w\" sizes=\"auto, (max-width: 1024px) 100vw, 1024px\" \/><\/figure>\n\n\n\n<figure class=\"wp-block-image size-large\"><img loading=\"lazy\" decoding=\"async\" width=\"1024\" height=\"836\" src=\"https:\/\/ecoledemusiquedecazeres.fr\/wp-content\/uploads\/2023\/07\/WhatsApp-Image-2023-07-19-a-17.43.22-1024x836.jpg\" alt=\"\" class=\"wp-image-418\" srcset=\"https:\/\/ecoledemusiquedecazeres.fr\/wp-content\/uploads\/2023\/07\/WhatsApp-Image-2023-07-19-a-17.43.22-1024x836.jpg 1024w, https:\/\/ecoledemusiquedecazeres.fr\/wp-content\/uploads\/2023\/07\/WhatsApp-Image-2023-07-19-a-17.43.22-300x245.jpg 300w, https:\/\/ecoledemusiquedecazeres.fr\/wp-content\/uploads\/2023\/07\/WhatsApp-Image-2023-07-19-a-17.43.22-768x627.jpg 768w, https:\/\/ecoledemusiquedecazeres.fr\/wp-content\/uploads\/2023\/07\/WhatsApp-Image-2023-07-19-a-17.43.22-1536x1255.jpg 1536w, https:\/\/ecoledemusiquedecazeres.fr\/wp-content\/uploads\/2023\/07\/WhatsApp-Image-2023-07-19-a-17.43.22-1320x1078.jpg 1320w, https:\/\/ecoledemusiquedecazeres.fr\/wp-content\/uploads\/2023\/07\/WhatsApp-Image-2023-07-19-a-17.43.22.jpg 1600w\" sizes=\"auto, (max-width: 1024px) 100vw, 1024px\" \/><\/figure>\n\n\n\n<h2 class=\"wp-block-heading\">Mai 2022 les 40ans de l&rsquo;\u00e9cole<\/h2>\n\n\n\n<figure class=\"wp-block-embed is-type-video is-provider-youtube wp-block-embed-youtube wp-embed-aspect-16-9 wp-has-aspect-ratio\"><div class=\"wp-block-embed__wrapper\">\n<iframe loading=\"lazy\" title=\"La soir\u00e9e en photos\" width=\"1200\" height=\"675\" src=\"https:\/\/www.youtube.com\/embed\/og-3LoS02GA?feature=oembed\" frameborder=\"0\" allow=\"accelerometer; autoplay; clipboard-write; encrypted-media; gyroscope; picture-in-picture; web-share\" referrerpolicy=\"strict-origin-when-cross-origin\" allowfullscreen><\/iframe>\n<\/div><\/figure>\n\n\n\n<figure class=\"wp-block-embed is-type-video is-provider-youtube wp-block-embed-youtube wp-embed-aspect-16-9 wp-has-aspect-ratio\"><div class=\"wp-block-embed__wrapper\">\n<iframe loading=\"lazy\" title=\"L&#039; exposition photos\" width=\"1200\" height=\"675\" src=\"https:\/\/www.youtube.com\/embed\/4-ei9dukTf0?feature=oembed\" frameborder=\"0\" allow=\"accelerometer; autoplay; clipboard-write; encrypted-media; gyroscope; picture-in-picture; web-share\" referrerpolicy=\"strict-origin-when-cross-origin\" allowfullscreen><\/iframe>\n<\/div><\/figure>\n\n\n\n<figure class=\"wp-block-embed is-type-video is-provider-youtube wp-block-embed-youtube wp-embed-aspect-16-9 wp-has-aspect-ratio\"><div class=\"wp-block-embed__wrapper\">\n<iframe loading=\"lazy\" title=\"Mag 12\" width=\"1200\" height=\"675\" src=\"https:\/\/www.youtube.com\/embed\/h4wII7EyyAo?start=777&#038;feature=oembed\" frameborder=\"0\" allow=\"accelerometer; autoplay; clipboard-write; encrypted-media; gyroscope; picture-in-picture; web-share\" referrerpolicy=\"strict-origin-when-cross-origin\" allowfullscreen><\/iframe>\n<\/div><\/figure>\n\n\n\n<hr class=\"wp-block-separator has-alpha-channel-opacity\"\/>\n","protected":false},"excerpt":{"rendered":"<p>\u00e9cole de musique de Cazeres ann\u00e9e 2023 Pour suivre toutes les vid\u00e9os : https:\/\/www.youtube.com\/@ecolemusiquecazeresmpt3395\/videos ou Tous en F\u00eates le 10 juin 2023 Mai 2022 les 40ans de l&rsquo;\u00e9cole<\/p>\n","protected":false},"author":1,"featured_media":0,"parent":0,"menu_order":0,"comment_status":"closed","ping_status":"closed","template":"","meta":{"_seopress_robots_primary_cat":"","_seopress_titles_title":"","_seopress_titles_desc":"","_seopress_robots_index":"","footnotes":""},"class_list":["post-53","page","type-page","status-publish"],"yoast_head":"<!-- This site is optimized with the Yoast SEO plugin v26.9 - https:\/\/yoast.com\/product\/yoast-seo-wordpress\/ -->\n<title>Photos &amp; Vid\u00e9os - \u00c9cole de musique de Caz\u00e8res de La Maison pour Tous<\/title>\n<meta name=\"robots\" content=\"index, follow, max-snippet:-1, max-image-preview:large, max-video-preview:-1\" \/>\n<link rel=\"canonical\" href=\"https:\/\/ecoledemusiquedecazeres.fr\/?page_id=53\" \/>\n<meta property=\"og:locale\" content=\"fr_FR\" \/>\n<meta property=\"og:type\" content=\"article\" \/>\n<meta property=\"og:title\" content=\"Photos &amp; Vid\u00e9os - \u00c9cole de musique de Caz\u00e8res de La Maison pour Tous\" \/>\n<meta property=\"og:description\" content=\"\u00e9cole de musique de Cazeres ann\u00e9e 2023 Pour suivre toutes les vid\u00e9os : https:\/\/www.youtube.com\/@ecolemusiquecazeresmpt3395\/videos ou Tous en F\u00eates le 10 juin 2023 Mai 2022 les 40ans de l&rsquo;\u00e9cole\" \/>\n<meta property=\"og:url\" content=\"https:\/\/ecoledemusiquedecazeres.fr\/?page_id=53\" \/>\n<meta property=\"og:site_name\" content=\"\u00c9cole de musique de Caz\u00e8res de La Maison pour Tous\" \/>\n<meta property=\"article:publisher\" content=\"https:\/\/fr-fr.facebook.com\/ecolemusique.petitespyrenees\" \/>\n<meta property=\"article:modified_time\" content=\"2023-08-22T15:15:32+00:00\" \/>\n<meta property=\"og:image\" content=\"https:\/\/ecoledemusiquedecazeres.fr\/wp-content\/uploads\/2023\/07\/WhatsApp-Image-2023-07-19-a-17.43.39-1024x682.jpg\" \/>\n<meta name=\"twitter:card\" content=\"summary_large_image\" \/>\n<meta name=\"twitter:site\" content=\"@eimpp\" \/>\n<script type=\"application\/ld+json\" class=\"yoast-schema-graph\">{\"@context\":\"https:\/\/schema.org\",\"@graph\":[{\"@type\":\"WebPage\",\"@id\":\"https:\/\/ecoledemusiquedecazeres.fr\/?page_id=53\",\"url\":\"https:\/\/ecoledemusiquedecazeres.fr\/?page_id=53\",\"name\":\"Photos & Vid\u00e9os - \u00c9cole de musique de Caz\u00e8res de La Maison pour Tous\",\"isPartOf\":{\"@id\":\"https:\/\/ecoledemusiquedecazeres.fr\/#website\"},\"primaryImageOfPage\":{\"@id\":\"https:\/\/ecoledemusiquedecazeres.fr\/?page_id=53#primaryimage\"},\"image\":{\"@id\":\"https:\/\/ecoledemusiquedecazeres.fr\/?page_id=53#primaryimage\"},\"thumbnailUrl\":\"https:\/\/ecoledemusiquedecazeres.fr\/wp-content\/uploads\/2023\/07\/WhatsApp-Image-2023-07-19-a-17.43.39-1024x682.jpg\",\"datePublished\":\"2022-08-11T08:57:44+00:00\",\"dateModified\":\"2023-08-22T15:15:32+00:00\",\"breadcrumb\":{\"@id\":\"https:\/\/ecoledemusiquedecazeres.fr\/?page_id=53#breadcrumb\"},\"inLanguage\":\"fr-FR\",\"potentialAction\":[{\"@type\":\"ReadAction\",\"target\":[\"https:\/\/ecoledemusiquedecazeres.fr\/?page_id=53\"]}]},{\"@type\":\"ImageObject\",\"inLanguage\":\"fr-FR\",\"@id\":\"https:\/\/ecoledemusiquedecazeres.fr\/?page_id=53#primaryimage\",\"url\":\"https:\/\/ecoledemusiquedecazeres.fr\/wp-content\/uploads\/2023\/07\/WhatsApp-Image-2023-07-19-a-17.43.39.jpg\",\"contentUrl\":\"https:\/\/ecoledemusiquedecazeres.fr\/wp-content\/uploads\/2023\/07\/WhatsApp-Image-2023-07-19-a-17.43.39.jpg\",\"width\":1600,\"height\":1066,\"caption\":\"La Formation Musicale en chanson sous l'espace garonne\"},{\"@type\":\"BreadcrumbList\",\"@id\":\"https:\/\/ecoledemusiquedecazeres.fr\/?page_id=53#breadcrumb\",\"itemListElement\":[{\"@type\":\"ListItem\",\"position\":1,\"name\":\"Accueil\",\"item\":\"https:\/\/ecoledemusiquedecazeres.fr\/\"},{\"@type\":\"ListItem\",\"position\":2,\"name\":\"Photos &#038; Vid\u00e9os\"}]},{\"@type\":\"WebSite\",\"@id\":\"https:\/\/ecoledemusiquedecazeres.fr\/#website\",\"url\":\"https:\/\/ecoledemusiquedecazeres.fr\/\",\"name\":\"\u00c9cole de musique de Caz\u00e8res de La Maison pour Tous\",\"description\":\"Site web de l&#039;\u00e9cole de musique de Caz\u00e8res de la Maison Pour Tous\",\"publisher\":{\"@id\":\"https:\/\/ecoledemusiquedecazeres.fr\/#organization\"},\"potentialAction\":[{\"@type\":\"SearchAction\",\"target\":{\"@type\":\"EntryPoint\",\"urlTemplate\":\"https:\/\/ecoledemusiquedecazeres.fr\/?s={search_term_string}\"},\"query-input\":{\"@type\":\"PropertyValueSpecification\",\"valueRequired\":true,\"valueName\":\"search_term_string\"}}],\"inLanguage\":\"fr-FR\"},{\"@type\":\"Organization\",\"@id\":\"https:\/\/ecoledemusiquedecazeres.fr\/#organization\",\"name\":\"\u00c9cole de musique de Caz\u00e8res de La Maison pour Tous\",\"url\":\"https:\/\/ecoledemusiquedecazeres.fr\/\",\"logo\":{\"@type\":\"ImageObject\",\"inLanguage\":\"fr-FR\",\"@id\":\"https:\/\/ecoledemusiquedecazeres.fr\/#\/schema\/logo\/image\/\",\"url\":\"https:\/\/ecoledemusiquedecazeres.fr\/wp-content\/uploads\/2022\/08\/image-1.jpg\",\"contentUrl\":\"https:\/\/ecoledemusiquedecazeres.fr\/wp-content\/uploads\/2022\/08\/image-1.jpg\",\"width\":907,\"height\":582,\"caption\":\"\u00c9cole de musique de Caz\u00e8res de La Maison pour Tous\"},\"image\":{\"@id\":\"https:\/\/ecoledemusiquedecazeres.fr\/#\/schema\/logo\/image\/\"},\"sameAs\":[\"https:\/\/fr-fr.facebook.com\/ecolemusique.petitespyrenees\",\"https:\/\/x.com\/eimpp\"]}]}<\/script>\n<!-- \/ Yoast SEO plugin. -->","yoast_head_json":{"title":"Photos & Vid\u00e9os - \u00c9cole de musique de Caz\u00e8res de La Maison pour Tous","robots":{"index":"index","follow":"follow","max-snippet":"max-snippet:-1","max-image-preview":"max-image-preview:large","max-video-preview":"max-video-preview:-1"},"canonical":"https:\/\/ecoledemusiquedecazeres.fr\/?page_id=53","og_locale":"fr_FR","og_type":"article","og_title":"Photos & Vid\u00e9os - \u00c9cole de musique de Caz\u00e8res de La Maison pour Tous","og_description":"\u00e9cole de musique de Cazeres ann\u00e9e 2023 Pour suivre toutes les vid\u00e9os : https:\/\/www.youtube.com\/@ecolemusiquecazeresmpt3395\/videos ou Tous en F\u00eates le 10 juin 2023 Mai 2022 les 40ans de l&rsquo;\u00e9cole","og_url":"https:\/\/ecoledemusiquedecazeres.fr\/?page_id=53","og_site_name":"\u00c9cole de musique de Caz\u00e8res de La Maison pour Tous","article_publisher":"https:\/\/fr-fr.facebook.com\/ecolemusique.petitespyrenees","article_modified_time":"2023-08-22T15:15:32+00:00","og_image":[{"url":"https:\/\/ecoledemusiquedecazeres.fr\/wp-content\/uploads\/2023\/07\/WhatsApp-Image-2023-07-19-a-17.43.39-1024x682.jpg","type":"","width":"","height":""}],"twitter_card":"summary_large_image","twitter_site":"@eimpp","schema":{"@context":"https:\/\/schema.org","@graph":[{"@type":"WebPage","@id":"https:\/\/ecoledemusiquedecazeres.fr\/?page_id=53","url":"https:\/\/ecoledemusiquedecazeres.fr\/?page_id=53","name":"Photos & Vid\u00e9os - \u00c9cole de musique de Caz\u00e8res de La Maison pour Tous","isPartOf":{"@id":"https:\/\/ecoledemusiquedecazeres.fr\/#website"},"primaryImageOfPage":{"@id":"https:\/\/ecoledemusiquedecazeres.fr\/?page_id=53#primaryimage"},"image":{"@id":"https:\/\/ecoledemusiquedecazeres.fr\/?page_id=53#primaryimage"},"thumbnailUrl":"https:\/\/ecoledemusiquedecazeres.fr\/wp-content\/uploads\/2023\/07\/WhatsApp-Image-2023-07-19-a-17.43.39-1024x682.jpg","datePublished":"2022-08-11T08:57:44+00:00","dateModified":"2023-08-22T15:15:32+00:00","breadcrumb":{"@id":"https:\/\/ecoledemusiquedecazeres.fr\/?page_id=53#breadcrumb"},"inLanguage":"fr-FR","potentialAction":[{"@type":"ReadAction","target":["https:\/\/ecoledemusiquedecazeres.fr\/?page_id=53"]}]},{"@type":"ImageObject","inLanguage":"fr-FR","@id":"https:\/\/ecoledemusiquedecazeres.fr\/?page_id=53#primaryimage","url":"https:\/\/ecoledemusiquedecazeres.fr\/wp-content\/uploads\/2023\/07\/WhatsApp-Image-2023-07-19-a-17.43.39.jpg","contentUrl":"https:\/\/ecoledemusiquedecazeres.fr\/wp-content\/uploads\/2023\/07\/WhatsApp-Image-2023-07-19-a-17.43.39.jpg","width":1600,"height":1066,"caption":"La Formation Musicale en chanson sous l'espace garonne"},{"@type":"BreadcrumbList","@id":"https:\/\/ecoledemusiquedecazeres.fr\/?page_id=53#breadcrumb","itemListElement":[{"@type":"ListItem","position":1,"name":"Accueil","item":"https:\/\/ecoledemusiquedecazeres.fr\/"},{"@type":"ListItem","position":2,"name":"Photos &#038; Vid\u00e9os"}]},{"@type":"WebSite","@id":"https:\/\/ecoledemusiquedecazeres.fr\/#website","url":"https:\/\/ecoledemusiquedecazeres.fr\/","name":"\u00c9cole de musique de Caz\u00e8res de La Maison pour Tous","description":"Site web de l&#039;\u00e9cole de musique de Caz\u00e8res de la Maison Pour Tous","publisher":{"@id":"https:\/\/ecoledemusiquedecazeres.fr\/#organization"},"potentialAction":[{"@type":"SearchAction","target":{"@type":"EntryPoint","urlTemplate":"https:\/\/ecoledemusiquedecazeres.fr\/?s={search_term_string}"},"query-input":{"@type":"PropertyValueSpecification","valueRequired":true,"valueName":"search_term_string"}}],"inLanguage":"fr-FR"},{"@type":"Organization","@id":"https:\/\/ecoledemusiquedecazeres.fr\/#organization","name":"\u00c9cole de musique de Caz\u00e8res de La Maison pour Tous","url":"https:\/\/ecoledemusiquedecazeres.fr\/","logo":{"@type":"ImageObject","inLanguage":"fr-FR","@id":"https:\/\/ecoledemusiquedecazeres.fr\/#\/schema\/logo\/image\/","url":"https:\/\/ecoledemusiquedecazeres.fr\/wp-content\/uploads\/2022\/08\/image-1.jpg","contentUrl":"https:\/\/ecoledemusiquedecazeres.fr\/wp-content\/uploads\/2022\/08\/image-1.jpg","width":907,"height":582,"caption":"\u00c9cole de musique de Caz\u00e8res de La Maison pour Tous"},"image":{"@id":"https:\/\/ecoledemusiquedecazeres.fr\/#\/schema\/logo\/image\/"},"sameAs":["https:\/\/fr-fr.facebook.com\/ecolemusique.petitespyrenees","https:\/\/x.com\/eimpp"]}]}},"_links":{"self":[{"href":"https:\/\/ecoledemusiquedecazeres.fr\/index.php?rest_route=\/wp\/v2\/pages\/53","targetHints":{"allow":["GET"]}}],"collection":[{"href":"https:\/\/ecoledemusiquedecazeres.fr\/index.php?rest_route=\/wp\/v2\/pages"}],"about":[{"href":"https:\/\/ecoledemusiquedecazeres.fr\/index.php?rest_route=\/wp\/v2\/types\/page"}],"author":[{"embeddable":true,"href":"https:\/\/ecoledemusiquedecazeres.fr\/index.php?rest_route=\/wp\/v2\/users\/1"}],"replies":[{"embeddable":true,"href":"https:\/\/ecoledemusiquedecazeres.fr\/index.php?rest_route=%2Fwp%2Fv2%2Fcomments&post=53"}],"version-history":[{"count":10,"href":"https:\/\/ecoledemusiquedecazeres.fr\/index.php?rest_route=\/wp\/v2\/pages\/53\/revisions"}],"predecessor-version":[{"id":612,"href":"https:\/\/ecoledemusiquedecazeres.fr\/index.php?rest_route=\/wp\/v2\/pages\/53\/revisions\/612"}],"wp:attachment":[{"href":"https:\/\/ecoledemusiquedecazeres.fr\/index.php?rest_route=%2Fwp%2Fv2%2Fmedia&parent=53"}],"curies":[{"name":"wp","href":"https:\/\/api.w.org\/{rel}","templated":true}]}}