{"id":377,"date":"2023-07-19T10:01:54","date_gmt":"2023-07-19T10:01:54","guid":{"rendered":"https:\/\/ecoledemusiquedecazeres.fr\/?page_id=377"},"modified":"2023-07-19T15:39:52","modified_gmt":"2023-07-19T15:39:52","slug":"formation-musicale","status":"publish","type":"page","link":"https:\/\/ecoledemusiquedecazeres.fr\/?page_id=377","title":{"rendered":"La formation musicale (solf\u00e8ge)"},"content":{"rendered":"\n<p>Tous les cours de formation musicale se d\u00e9roulent dans la salle Ibrahim Malouf.<\/p>\n\n\n\n<p>horaires : FM1 :  lundi \u00e0 17h15<\/p>\n\n\n\n<p>                FM2 : Mardi \u00e0 17h15<\/p>\n\n\n\n<p>                FM3 : Lundi \u00e0 18h<\/p>\n\n\n\n<p>                FM4 : vendredi \u00e0 18h<\/p>\n\n\n\n<p>                FM5 : vendredi \u00e0 17h15<\/p>\n\n\n\n<figure class=\"wp-block-image size-large\"><img loading=\"lazy\" decoding=\"async\" width=\"1024\" height=\"768\" src=\"https:\/\/ecoledemusiquedecazeres.fr\/wp-content\/uploads\/2023\/07\/photo-FM-1024x768.jpg\" alt=\"\" class=\"wp-image-405\" srcset=\"https:\/\/ecoledemusiquedecazeres.fr\/wp-content\/uploads\/2023\/07\/photo-FM-1024x768.jpg 1024w, https:\/\/ecoledemusiquedecazeres.fr\/wp-content\/uploads\/2023\/07\/photo-FM-300x225.jpg 300w, https:\/\/ecoledemusiquedecazeres.fr\/wp-content\/uploads\/2023\/07\/photo-FM-768x576.jpg 768w, https:\/\/ecoledemusiquedecazeres.fr\/wp-content\/uploads\/2023\/07\/photo-FM-1536x1152.jpg 1536w, https:\/\/ecoledemusiquedecazeres.fr\/wp-content\/uploads\/2023\/07\/photo-FM-1320x990.jpg 1320w, https:\/\/ecoledemusiquedecazeres.fr\/wp-content\/uploads\/2023\/07\/photo-FM.jpg 1824w\" sizes=\"auto, (max-width: 1024px) 100vw, 1024px\" \/><\/figure>\n\n\n\n<p><\/p>\n\n\n\n<p><\/p>\n","protected":false},"excerpt":{"rendered":"<p>Tous les cours de formation musicale se d\u00e9roulent dans la salle Ibrahim Malouf. horaires : FM1 : lundi \u00e0 17h15 FM2 : Mardi \u00e0 17h15 FM3 : Lundi \u00e0 18h FM4 : vendredi \u00e0 18h FM5 : vendredi \u00e0 17h15<\/p>\n","protected":false},"author":3,"featured_media":0,"parent":0,"menu_order":0,"comment_status":"closed","ping_status":"closed","template":"","meta":{"_seopress_robots_primary_cat":"","_seopress_titles_title":"","_seopress_titles_desc":"","_seopress_robots_index":"","footnotes":""},"class_list":["post-377","page","type-page","status-publish"],"yoast_head":"<!-- This site is optimized with the Yoast SEO plugin v26.9 - https:\/\/yoast.com\/product\/yoast-seo-wordpress\/ -->\n<title>La formation musicale (solf\u00e8ge) - \u00c9cole de musique de Caz\u00e8res de La Maison pour Tous<\/title>\n<meta name=\"robots\" content=\"index, follow, max-snippet:-1, max-image-preview:large, max-video-preview:-1\" \/>\n<link rel=\"canonical\" href=\"https:\/\/ecoledemusiquedecazeres.fr\/?page_id=377\" \/>\n<meta property=\"og:locale\" content=\"fr_FR\" \/>\n<meta property=\"og:type\" content=\"article\" \/>\n<meta property=\"og:title\" content=\"La formation musicale (solf\u00e8ge) - \u00c9cole de musique de Caz\u00e8res de La Maison pour Tous\" \/>\n<meta property=\"og:description\" content=\"Tous les cours de formation musicale se d\u00e9roulent dans la salle Ibrahim Malouf. horaires : FM1 : lundi \u00e0 17h15 FM2 : Mardi \u00e0 17h15 FM3 : Lundi \u00e0 18h FM4 : vendredi \u00e0 18h FM5 : vendredi \u00e0 17h15\" \/>\n<meta property=\"og:url\" content=\"https:\/\/ecoledemusiquedecazeres.fr\/?page_id=377\" \/>\n<meta property=\"og:site_name\" content=\"\u00c9cole de musique de Caz\u00e8res de La Maison pour Tous\" \/>\n<meta property=\"article:publisher\" content=\"https:\/\/fr-fr.facebook.com\/ecolemusique.petitespyrenees\" \/>\n<meta property=\"article:modified_time\" content=\"2023-07-19T15:39:52+00:00\" \/>\n<meta property=\"og:image\" content=\"https:\/\/ecoledemusiquedecazeres.fr\/wp-content\/uploads\/2023\/07\/photo-FM-1024x768.jpg\" \/>\n<meta name=\"twitter:card\" content=\"summary_large_image\" \/>\n<meta name=\"twitter:site\" content=\"@eimpp\" \/>\n<script type=\"application\/ld+json\" class=\"yoast-schema-graph\">{\"@context\":\"https:\/\/schema.org\",\"@graph\":[{\"@type\":\"WebPage\",\"@id\":\"https:\/\/ecoledemusiquedecazeres.fr\/?page_id=377\",\"url\":\"https:\/\/ecoledemusiquedecazeres.fr\/?page_id=377\",\"name\":\"La formation musicale (solf\u00e8ge) - \u00c9cole de musique de Caz\u00e8res de La Maison pour Tous\",\"isPartOf\":{\"@id\":\"https:\/\/ecoledemusiquedecazeres.fr\/#website\"},\"primaryImageOfPage\":{\"@id\":\"https:\/\/ecoledemusiquedecazeres.fr\/?page_id=377#primaryimage\"},\"image\":{\"@id\":\"https:\/\/ecoledemusiquedecazeres.fr\/?page_id=377#primaryimage\"},\"thumbnailUrl\":\"https:\/\/ecoledemusiquedecazeres.fr\/wp-content\/uploads\/2023\/07\/photo-FM-1024x768.jpg\",\"datePublished\":\"2023-07-19T10:01:54+00:00\",\"dateModified\":\"2023-07-19T15:39:52+00:00\",\"breadcrumb\":{\"@id\":\"https:\/\/ecoledemusiquedecazeres.fr\/?page_id=377#breadcrumb\"},\"inLanguage\":\"fr-FR\",\"potentialAction\":[{\"@type\":\"ReadAction\",\"target\":[\"https:\/\/ecoledemusiquedecazeres.fr\/?page_id=377\"]}]},{\"@type\":\"ImageObject\",\"inLanguage\":\"fr-FR\",\"@id\":\"https:\/\/ecoledemusiquedecazeres.fr\/?page_id=377#primaryimage\",\"url\":\"https:\/\/ecoledemusiquedecazeres.fr\/wp-content\/uploads\/2023\/07\/photo-FM.jpg\",\"contentUrl\":\"https:\/\/ecoledemusiquedecazeres.fr\/wp-content\/uploads\/2023\/07\/photo-FM.jpg\",\"width\":1824,\"height\":1368},{\"@type\":\"BreadcrumbList\",\"@id\":\"https:\/\/ecoledemusiquedecazeres.fr\/?page_id=377#breadcrumb\",\"itemListElement\":[{\"@type\":\"ListItem\",\"position\":1,\"name\":\"Accueil\",\"item\":\"https:\/\/ecoledemusiquedecazeres.fr\/\"},{\"@type\":\"ListItem\",\"position\":2,\"name\":\"La formation musicale (solf\u00e8ge)\"}]},{\"@type\":\"WebSite\",\"@id\":\"https:\/\/ecoledemusiquedecazeres.fr\/#website\",\"url\":\"https:\/\/ecoledemusiquedecazeres.fr\/\",\"name\":\"\u00c9cole de musique de Caz\u00e8res de La Maison pour Tous\",\"description\":\"Site web de l&#039;\u00e9cole de musique de Caz\u00e8res de la Maison Pour Tous\",\"publisher\":{\"@id\":\"https:\/\/ecoledemusiquedecazeres.fr\/#organization\"},\"potentialAction\":[{\"@type\":\"SearchAction\",\"target\":{\"@type\":\"EntryPoint\",\"urlTemplate\":\"https:\/\/ecoledemusiquedecazeres.fr\/?s={search_term_string}\"},\"query-input\":{\"@type\":\"PropertyValueSpecification\",\"valueRequired\":true,\"valueName\":\"search_term_string\"}}],\"inLanguage\":\"fr-FR\"},{\"@type\":\"Organization\",\"@id\":\"https:\/\/ecoledemusiquedecazeres.fr\/#organization\",\"name\":\"\u00c9cole de musique de Caz\u00e8res de La Maison pour Tous\",\"url\":\"https:\/\/ecoledemusiquedecazeres.fr\/\",\"logo\":{\"@type\":\"ImageObject\",\"inLanguage\":\"fr-FR\",\"@id\":\"https:\/\/ecoledemusiquedecazeres.fr\/#\/schema\/logo\/image\/\",\"url\":\"https:\/\/ecoledemusiquedecazeres.fr\/wp-content\/uploads\/2022\/08\/image-1.jpg\",\"contentUrl\":\"https:\/\/ecoledemusiquedecazeres.fr\/wp-content\/uploads\/2022\/08\/image-1.jpg\",\"width\":907,\"height\":582,\"caption\":\"\u00c9cole de musique de Caz\u00e8res de La Maison pour Tous\"},\"image\":{\"@id\":\"https:\/\/ecoledemusiquedecazeres.fr\/#\/schema\/logo\/image\/\"},\"sameAs\":[\"https:\/\/fr-fr.facebook.com\/ecolemusique.petitespyrenees\",\"https:\/\/x.com\/eimpp\"]}]}<\/script>\n<!-- \/ Yoast SEO plugin. -->","yoast_head_json":{"title":"La formation musicale (solf\u00e8ge) - \u00c9cole de musique de Caz\u00e8res de La Maison pour Tous","robots":{"index":"index","follow":"follow","max-snippet":"max-snippet:-1","max-image-preview":"max-image-preview:large","max-video-preview":"max-video-preview:-1"},"canonical":"https:\/\/ecoledemusiquedecazeres.fr\/?page_id=377","og_locale":"fr_FR","og_type":"article","og_title":"La formation musicale (solf\u00e8ge) - \u00c9cole de musique de Caz\u00e8res de La Maison pour Tous","og_description":"Tous les cours de formation musicale se d\u00e9roulent dans la salle Ibrahim Malouf. horaires : FM1 : lundi \u00e0 17h15 FM2 : Mardi \u00e0 17h15 FM3 : Lundi \u00e0 18h FM4 : vendredi \u00e0 18h FM5 : vendredi \u00e0 17h15","og_url":"https:\/\/ecoledemusiquedecazeres.fr\/?page_id=377","og_site_name":"\u00c9cole de musique de Caz\u00e8res de La Maison pour Tous","article_publisher":"https:\/\/fr-fr.facebook.com\/ecolemusique.petitespyrenees","article_modified_time":"2023-07-19T15:39:52+00:00","og_image":[{"url":"https:\/\/ecoledemusiquedecazeres.fr\/wp-content\/uploads\/2023\/07\/photo-FM-1024x768.jpg","type":"","width":"","height":""}],"twitter_card":"summary_large_image","twitter_site":"@eimpp","schema":{"@context":"https:\/\/schema.org","@graph":[{"@type":"WebPage","@id":"https:\/\/ecoledemusiquedecazeres.fr\/?page_id=377","url":"https:\/\/ecoledemusiquedecazeres.fr\/?page_id=377","name":"La formation musicale (solf\u00e8ge) - \u00c9cole de musique de Caz\u00e8res de La Maison pour Tous","isPartOf":{"@id":"https:\/\/ecoledemusiquedecazeres.fr\/#website"},"primaryImageOfPage":{"@id":"https:\/\/ecoledemusiquedecazeres.fr\/?page_id=377#primaryimage"},"image":{"@id":"https:\/\/ecoledemusiquedecazeres.fr\/?page_id=377#primaryimage"},"thumbnailUrl":"https:\/\/ecoledemusiquedecazeres.fr\/wp-content\/uploads\/2023\/07\/photo-FM-1024x768.jpg","datePublished":"2023-07-19T10:01:54+00:00","dateModified":"2023-07-19T15:39:52+00:00","breadcrumb":{"@id":"https:\/\/ecoledemusiquedecazeres.fr\/?page_id=377#breadcrumb"},"inLanguage":"fr-FR","potentialAction":[{"@type":"ReadAction","target":["https:\/\/ecoledemusiquedecazeres.fr\/?page_id=377"]}]},{"@type":"ImageObject","inLanguage":"fr-FR","@id":"https:\/\/ecoledemusiquedecazeres.fr\/?page_id=377#primaryimage","url":"https:\/\/ecoledemusiquedecazeres.fr\/wp-content\/uploads\/2023\/07\/photo-FM.jpg","contentUrl":"https:\/\/ecoledemusiquedecazeres.fr\/wp-content\/uploads\/2023\/07\/photo-FM.jpg","width":1824,"height":1368},{"@type":"BreadcrumbList","@id":"https:\/\/ecoledemusiquedecazeres.fr\/?page_id=377#breadcrumb","itemListElement":[{"@type":"ListItem","position":1,"name":"Accueil","item":"https:\/\/ecoledemusiquedecazeres.fr\/"},{"@type":"ListItem","position":2,"name":"La formation musicale (solf\u00e8ge)"}]},{"@type":"WebSite","@id":"https:\/\/ecoledemusiquedecazeres.fr\/#website","url":"https:\/\/ecoledemusiquedecazeres.fr\/","name":"\u00c9cole de musique de Caz\u00e8res de La Maison pour Tous","description":"Site web de l&#039;\u00e9cole de musique de Caz\u00e8res de la Maison Pour Tous","publisher":{"@id":"https:\/\/ecoledemusiquedecazeres.fr\/#organization"},"potentialAction":[{"@type":"SearchAction","target":{"@type":"EntryPoint","urlTemplate":"https:\/\/ecoledemusiquedecazeres.fr\/?s={search_term_string}"},"query-input":{"@type":"PropertyValueSpecification","valueRequired":true,"valueName":"search_term_string"}}],"inLanguage":"fr-FR"},{"@type":"Organization","@id":"https:\/\/ecoledemusiquedecazeres.fr\/#organization","name":"\u00c9cole de musique de Caz\u00e8res de La Maison pour Tous","url":"https:\/\/ecoledemusiquedecazeres.fr\/","logo":{"@type":"ImageObject","inLanguage":"fr-FR","@id":"https:\/\/ecoledemusiquedecazeres.fr\/#\/schema\/logo\/image\/","url":"https:\/\/ecoledemusiquedecazeres.fr\/wp-content\/uploads\/2022\/08\/image-1.jpg","contentUrl":"https:\/\/ecoledemusiquedecazeres.fr\/wp-content\/uploads\/2022\/08\/image-1.jpg","width":907,"height":582,"caption":"\u00c9cole de musique de Caz\u00e8res de La Maison pour Tous"},"image":{"@id":"https:\/\/ecoledemusiquedecazeres.fr\/#\/schema\/logo\/image\/"},"sameAs":["https:\/\/fr-fr.facebook.com\/ecolemusique.petitespyrenees","https:\/\/x.com\/eimpp"]}]}},"_links":{"self":[{"href":"https:\/\/ecoledemusiquedecazeres.fr\/index.php?rest_route=\/wp\/v2\/pages\/377","targetHints":{"allow":["GET"]}}],"collection":[{"href":"https:\/\/ecoledemusiquedecazeres.fr\/index.php?rest_route=\/wp\/v2\/pages"}],"about":[{"href":"https:\/\/ecoledemusiquedecazeres.fr\/index.php?rest_route=\/wp\/v2\/types\/page"}],"author":[{"embeddable":true,"href":"https:\/\/ecoledemusiquedecazeres.fr\/index.php?rest_route=\/wp\/v2\/users\/3"}],"replies":[{"embeddable":true,"href":"https:\/\/ecoledemusiquedecazeres.fr\/index.php?rest_route=%2Fwp%2Fv2%2Fcomments&post=377"}],"version-history":[{"count":3,"href":"https:\/\/ecoledemusiquedecazeres.fr\/index.php?rest_route=\/wp\/v2\/pages\/377\/revisions"}],"predecessor-version":[{"id":407,"href":"https:\/\/ecoledemusiquedecazeres.fr\/index.php?rest_route=\/wp\/v2\/pages\/377\/revisions\/407"}],"wp:attachment":[{"href":"https:\/\/ecoledemusiquedecazeres.fr\/index.php?rest_route=%2Fwp%2Fv2%2Fmedia&parent=377"}],"curies":[{"name":"wp","href":"https:\/\/api.w.org\/{rel}","templated":true}]}}