{"id":313,"date":"2022-09-01T16:44:44","date_gmt":"2022-09-01T16:44:44","guid":{"rendered":"https:\/\/ecoledemusiquedecazeres.fr\/?page_id=313"},"modified":"2023-07-19T16:41:19","modified_gmt":"2023-07-19T16:41:19","slug":"leveil-musical","status":"publish","type":"page","link":"https:\/\/ecoledemusiquedecazeres.fr\/?page_id=313","title":{"rendered":"L&rsquo;eveil musical"},"content":{"rendered":"\n<p class=\"has-medium-font-size\">L\u00e9veil musical se d\u00e9roule avec Virginie <strong><mark style=\"background-color:rgba(0, 0, 0, 0)\" class=\"has-inline-color has-vivid-red-color\">le lundi<\/mark><\/strong>  \u00e0 <strong>16h40pour les 4\/6 ans<\/strong><\/p>\n\n\n\n<p class=\"has-medium-font-size\">&nbsp; &nbsp; &nbsp; &nbsp; &nbsp; &nbsp; &nbsp; &nbsp; &nbsp; &nbsp; &nbsp; &nbsp; &nbsp; &nbsp; &nbsp; &nbsp; &nbsp; &nbsp; &nbsp; &nbsp; &nbsp; &nbsp; &nbsp; &nbsp; &nbsp; &nbsp; &nbsp;                         <strong>17h30 pour les 1\\3ans<\/strong><\/p>\n\n\n\n<p style=\"text-decoration:underline\">Dans la salle derri\u00e8re l&rsquo; \u00e9cole maternelle des Capucins (salle Tina turner)<\/p>\n\n\n\n<figure class=\"wp-block-image size-large\"><img loading=\"lazy\" decoding=\"async\" width=\"1024\" height=\"768\" src=\"https:\/\/ecoledemusiquedecazeres.fr\/wp-content\/uploads\/2023\/07\/IMG-20230611-WA0001-1024x768.jpg\" alt=\"\" class=\"wp-image-382\" srcset=\"https:\/\/ecoledemusiquedecazeres.fr\/wp-content\/uploads\/2023\/07\/IMG-20230611-WA0001-1024x768.jpg 1024w, https:\/\/ecoledemusiquedecazeres.fr\/wp-content\/uploads\/2023\/07\/IMG-20230611-WA0001-300x225.jpg 300w, https:\/\/ecoledemusiquedecazeres.fr\/wp-content\/uploads\/2023\/07\/IMG-20230611-WA0001-768x576.jpg 768w, https:\/\/ecoledemusiquedecazeres.fr\/wp-content\/uploads\/2023\/07\/IMG-20230611-WA0001.jpg 1080w\" sizes=\"auto, (max-width: 1024px) 100vw, 1024px\" \/><\/figure>\n","protected":false},"excerpt":{"rendered":"<p>L\u00e9veil musical se d\u00e9roule avec Virginie le lundi \u00e0 16h40pour les 4\/6 ans &nbsp; &nbsp; &nbsp; &nbsp; &nbsp; &nbsp; &nbsp; &nbsp; &nbsp; &nbsp; &nbsp; &nbsp; &nbsp; &nbsp; &nbsp; &nbsp; &nbsp; &nbsp; &nbsp; &nbsp; &nbsp; &nbsp; &nbsp; &nbsp; &nbsp; &nbsp; &nbsp; 17h30 pour les 1\\3ans Dans la salle derri\u00e8re l&rsquo; \u00e9cole maternelle des Capucins (salle Tina &#8230; <a title=\"L&rsquo;eveil musical\" class=\"read-more\" href=\"https:\/\/ecoledemusiquedecazeres.fr\/?page_id=313\" aria-label=\"En savoir plus sur L&rsquo;eveil musical\">Lire la suite<\/a><\/p>\n","protected":false},"author":3,"featured_media":0,"parent":0,"menu_order":0,"comment_status":"closed","ping_status":"closed","template":"","meta":{"_seopress_robots_primary_cat":"","_seopress_titles_title":"","_seopress_titles_desc":"","_seopress_robots_index":"","footnotes":""},"class_list":["post-313","page","type-page","status-publish"],"yoast_head":"<!-- This site is optimized with the Yoast SEO plugin v26.9 - https:\/\/yoast.com\/product\/yoast-seo-wordpress\/ -->\n<title>L&#039;eveil musical - \u00c9cole de musique de Caz\u00e8res de La Maison pour Tous<\/title>\n<meta name=\"robots\" content=\"index, follow, max-snippet:-1, max-image-preview:large, max-video-preview:-1\" \/>\n<link rel=\"canonical\" href=\"https:\/\/ecoledemusiquedecazeres.fr\/?page_id=313\" \/>\n<meta property=\"og:locale\" content=\"fr_FR\" \/>\n<meta property=\"og:type\" content=\"article\" \/>\n<meta property=\"og:title\" content=\"L&#039;eveil musical - \u00c9cole de musique de Caz\u00e8res de La Maison pour Tous\" \/>\n<meta property=\"og:description\" content=\"L\u00e9veil musical se d\u00e9roule avec Virginie le lundi \u00e0 16h40pour les 4\/6 ans &nbsp; &nbsp; &nbsp; &nbsp; &nbsp; &nbsp; &nbsp; &nbsp; &nbsp; &nbsp; &nbsp; &nbsp; &nbsp; &nbsp; &nbsp; &nbsp; &nbsp; &nbsp; &nbsp; &nbsp; &nbsp; &nbsp; &nbsp; &nbsp; &nbsp; &nbsp; &nbsp; 17h30 pour les 13ans Dans la salle derri\u00e8re l&rsquo; \u00e9cole maternelle des Capucins (salle Tina ... Lire la suite\" \/>\n<meta property=\"og:url\" content=\"https:\/\/ecoledemusiquedecazeres.fr\/?page_id=313\" \/>\n<meta property=\"og:site_name\" content=\"\u00c9cole de musique de Caz\u00e8res de La Maison pour Tous\" \/>\n<meta property=\"article:publisher\" content=\"https:\/\/fr-fr.facebook.com\/ecolemusique.petitespyrenees\" \/>\n<meta property=\"article:modified_time\" content=\"2023-07-19T16:41:19+00:00\" \/>\n<meta property=\"og:image\" content=\"https:\/\/ecoledemusiquedecazeres.fr\/wp-content\/uploads\/2023\/07\/IMG-20230611-WA0001-1024x768.jpg\" \/>\n<meta name=\"twitter:card\" content=\"summary_large_image\" \/>\n<meta name=\"twitter:site\" content=\"@eimpp\" \/>\n<script type=\"application\/ld+json\" class=\"yoast-schema-graph\">{\"@context\":\"https:\/\/schema.org\",\"@graph\":[{\"@type\":\"WebPage\",\"@id\":\"https:\/\/ecoledemusiquedecazeres.fr\/?page_id=313\",\"url\":\"https:\/\/ecoledemusiquedecazeres.fr\/?page_id=313\",\"name\":\"L'eveil musical - \u00c9cole de musique de Caz\u00e8res de La Maison pour Tous\",\"isPartOf\":{\"@id\":\"https:\/\/ecoledemusiquedecazeres.fr\/#website\"},\"primaryImageOfPage\":{\"@id\":\"https:\/\/ecoledemusiquedecazeres.fr\/?page_id=313#primaryimage\"},\"image\":{\"@id\":\"https:\/\/ecoledemusiquedecazeres.fr\/?page_id=313#primaryimage\"},\"thumbnailUrl\":\"https:\/\/ecoledemusiquedecazeres.fr\/wp-content\/uploads\/2023\/07\/IMG-20230611-WA0001-1024x768.jpg\",\"datePublished\":\"2022-09-01T16:44:44+00:00\",\"dateModified\":\"2023-07-19T16:41:19+00:00\",\"breadcrumb\":{\"@id\":\"https:\/\/ecoledemusiquedecazeres.fr\/?page_id=313#breadcrumb\"},\"inLanguage\":\"fr-FR\",\"potentialAction\":[{\"@type\":\"ReadAction\",\"target\":[\"https:\/\/ecoledemusiquedecazeres.fr\/?page_id=313\"]}]},{\"@type\":\"ImageObject\",\"inLanguage\":\"fr-FR\",\"@id\":\"https:\/\/ecoledemusiquedecazeres.fr\/?page_id=313#primaryimage\",\"url\":\"https:\/\/ecoledemusiquedecazeres.fr\/wp-content\/uploads\/2023\/07\/IMG-20230611-WA0001.jpg\",\"contentUrl\":\"https:\/\/ecoledemusiquedecazeres.fr\/wp-content\/uploads\/2023\/07\/IMG-20230611-WA0001.jpg\",\"width\":1080,\"height\":810},{\"@type\":\"BreadcrumbList\",\"@id\":\"https:\/\/ecoledemusiquedecazeres.fr\/?page_id=313#breadcrumb\",\"itemListElement\":[{\"@type\":\"ListItem\",\"position\":1,\"name\":\"Accueil\",\"item\":\"https:\/\/ecoledemusiquedecazeres.fr\/\"},{\"@type\":\"ListItem\",\"position\":2,\"name\":\"L&#8217;eveil musical\"}]},{\"@type\":\"WebSite\",\"@id\":\"https:\/\/ecoledemusiquedecazeres.fr\/#website\",\"url\":\"https:\/\/ecoledemusiquedecazeres.fr\/\",\"name\":\"\u00c9cole de musique de Caz\u00e8res de La Maison pour Tous\",\"description\":\"Site web de l&#039;\u00e9cole de musique de Caz\u00e8res de la Maison Pour Tous\",\"publisher\":{\"@id\":\"https:\/\/ecoledemusiquedecazeres.fr\/#organization\"},\"potentialAction\":[{\"@type\":\"SearchAction\",\"target\":{\"@type\":\"EntryPoint\",\"urlTemplate\":\"https:\/\/ecoledemusiquedecazeres.fr\/?s={search_term_string}\"},\"query-input\":{\"@type\":\"PropertyValueSpecification\",\"valueRequired\":true,\"valueName\":\"search_term_string\"}}],\"inLanguage\":\"fr-FR\"},{\"@type\":\"Organization\",\"@id\":\"https:\/\/ecoledemusiquedecazeres.fr\/#organization\",\"name\":\"\u00c9cole de musique de Caz\u00e8res de La Maison pour Tous\",\"url\":\"https:\/\/ecoledemusiquedecazeres.fr\/\",\"logo\":{\"@type\":\"ImageObject\",\"inLanguage\":\"fr-FR\",\"@id\":\"https:\/\/ecoledemusiquedecazeres.fr\/#\/schema\/logo\/image\/\",\"url\":\"https:\/\/ecoledemusiquedecazeres.fr\/wp-content\/uploads\/2022\/08\/image-1.jpg\",\"contentUrl\":\"https:\/\/ecoledemusiquedecazeres.fr\/wp-content\/uploads\/2022\/08\/image-1.jpg\",\"width\":907,\"height\":582,\"caption\":\"\u00c9cole de musique de Caz\u00e8res de La Maison pour Tous\"},\"image\":{\"@id\":\"https:\/\/ecoledemusiquedecazeres.fr\/#\/schema\/logo\/image\/\"},\"sameAs\":[\"https:\/\/fr-fr.facebook.com\/ecolemusique.petitespyrenees\",\"https:\/\/x.com\/eimpp\"]}]}<\/script>\n<!-- \/ Yoast SEO plugin. -->","yoast_head_json":{"title":"L'eveil musical - \u00c9cole de musique de Caz\u00e8res de La Maison pour Tous","robots":{"index":"index","follow":"follow","max-snippet":"max-snippet:-1","max-image-preview":"max-image-preview:large","max-video-preview":"max-video-preview:-1"},"canonical":"https:\/\/ecoledemusiquedecazeres.fr\/?page_id=313","og_locale":"fr_FR","og_type":"article","og_title":"L'eveil musical - \u00c9cole de musique de Caz\u00e8res de La Maison pour Tous","og_description":"L\u00e9veil musical se d\u00e9roule avec Virginie le lundi \u00e0 16h40pour les 4\/6 ans &nbsp; &nbsp; &nbsp; &nbsp; &nbsp; &nbsp; &nbsp; &nbsp; &nbsp; &nbsp; &nbsp; &nbsp; &nbsp; &nbsp; &nbsp; &nbsp; &nbsp; &nbsp; &nbsp; &nbsp; &nbsp; &nbsp; &nbsp; &nbsp; &nbsp; &nbsp; &nbsp; 17h30 pour les 13ans Dans la salle derri\u00e8re l&rsquo; \u00e9cole maternelle des Capucins (salle Tina ... Lire la suite","og_url":"https:\/\/ecoledemusiquedecazeres.fr\/?page_id=313","og_site_name":"\u00c9cole de musique de Caz\u00e8res de La Maison pour Tous","article_publisher":"https:\/\/fr-fr.facebook.com\/ecolemusique.petitespyrenees","article_modified_time":"2023-07-19T16:41:19+00:00","og_image":[{"url":"https:\/\/ecoledemusiquedecazeres.fr\/wp-content\/uploads\/2023\/07\/IMG-20230611-WA0001-1024x768.jpg","type":"","width":"","height":""}],"twitter_card":"summary_large_image","twitter_site":"@eimpp","schema":{"@context":"https:\/\/schema.org","@graph":[{"@type":"WebPage","@id":"https:\/\/ecoledemusiquedecazeres.fr\/?page_id=313","url":"https:\/\/ecoledemusiquedecazeres.fr\/?page_id=313","name":"L'eveil musical - \u00c9cole de musique de Caz\u00e8res de La Maison pour Tous","isPartOf":{"@id":"https:\/\/ecoledemusiquedecazeres.fr\/#website"},"primaryImageOfPage":{"@id":"https:\/\/ecoledemusiquedecazeres.fr\/?page_id=313#primaryimage"},"image":{"@id":"https:\/\/ecoledemusiquedecazeres.fr\/?page_id=313#primaryimage"},"thumbnailUrl":"https:\/\/ecoledemusiquedecazeres.fr\/wp-content\/uploads\/2023\/07\/IMG-20230611-WA0001-1024x768.jpg","datePublished":"2022-09-01T16:44:44+00:00","dateModified":"2023-07-19T16:41:19+00:00","breadcrumb":{"@id":"https:\/\/ecoledemusiquedecazeres.fr\/?page_id=313#breadcrumb"},"inLanguage":"fr-FR","potentialAction":[{"@type":"ReadAction","target":["https:\/\/ecoledemusiquedecazeres.fr\/?page_id=313"]}]},{"@type":"ImageObject","inLanguage":"fr-FR","@id":"https:\/\/ecoledemusiquedecazeres.fr\/?page_id=313#primaryimage","url":"https:\/\/ecoledemusiquedecazeres.fr\/wp-content\/uploads\/2023\/07\/IMG-20230611-WA0001.jpg","contentUrl":"https:\/\/ecoledemusiquedecazeres.fr\/wp-content\/uploads\/2023\/07\/IMG-20230611-WA0001.jpg","width":1080,"height":810},{"@type":"BreadcrumbList","@id":"https:\/\/ecoledemusiquedecazeres.fr\/?page_id=313#breadcrumb","itemListElement":[{"@type":"ListItem","position":1,"name":"Accueil","item":"https:\/\/ecoledemusiquedecazeres.fr\/"},{"@type":"ListItem","position":2,"name":"L&#8217;eveil musical"}]},{"@type":"WebSite","@id":"https:\/\/ecoledemusiquedecazeres.fr\/#website","url":"https:\/\/ecoledemusiquedecazeres.fr\/","name":"\u00c9cole de musique de Caz\u00e8res de La Maison pour Tous","description":"Site web de l&#039;\u00e9cole de musique de Caz\u00e8res de la Maison Pour Tous","publisher":{"@id":"https:\/\/ecoledemusiquedecazeres.fr\/#organization"},"potentialAction":[{"@type":"SearchAction","target":{"@type":"EntryPoint","urlTemplate":"https:\/\/ecoledemusiquedecazeres.fr\/?s={search_term_string}"},"query-input":{"@type":"PropertyValueSpecification","valueRequired":true,"valueName":"search_term_string"}}],"inLanguage":"fr-FR"},{"@type":"Organization","@id":"https:\/\/ecoledemusiquedecazeres.fr\/#organization","name":"\u00c9cole de musique de Caz\u00e8res de La Maison pour Tous","url":"https:\/\/ecoledemusiquedecazeres.fr\/","logo":{"@type":"ImageObject","inLanguage":"fr-FR","@id":"https:\/\/ecoledemusiquedecazeres.fr\/#\/schema\/logo\/image\/","url":"https:\/\/ecoledemusiquedecazeres.fr\/wp-content\/uploads\/2022\/08\/image-1.jpg","contentUrl":"https:\/\/ecoledemusiquedecazeres.fr\/wp-content\/uploads\/2022\/08\/image-1.jpg","width":907,"height":582,"caption":"\u00c9cole de musique de Caz\u00e8res de La Maison pour Tous"},"image":{"@id":"https:\/\/ecoledemusiquedecazeres.fr\/#\/schema\/logo\/image\/"},"sameAs":["https:\/\/fr-fr.facebook.com\/ecolemusique.petitespyrenees","https:\/\/x.com\/eimpp"]}]}},"_links":{"self":[{"href":"https:\/\/ecoledemusiquedecazeres.fr\/index.php?rest_route=\/wp\/v2\/pages\/313","targetHints":{"allow":["GET"]}}],"collection":[{"href":"https:\/\/ecoledemusiquedecazeres.fr\/index.php?rest_route=\/wp\/v2\/pages"}],"about":[{"href":"https:\/\/ecoledemusiquedecazeres.fr\/index.php?rest_route=\/wp\/v2\/types\/page"}],"author":[{"embeddable":true,"href":"https:\/\/ecoledemusiquedecazeres.fr\/index.php?rest_route=\/wp\/v2\/users\/3"}],"replies":[{"embeddable":true,"href":"https:\/\/ecoledemusiquedecazeres.fr\/index.php?rest_route=%2Fwp%2Fv2%2Fcomments&post=313"}],"version-history":[{"count":7,"href":"https:\/\/ecoledemusiquedecazeres.fr\/index.php?rest_route=\/wp\/v2\/pages\/313\/revisions"}],"predecessor-version":[{"id":430,"href":"https:\/\/ecoledemusiquedecazeres.fr\/index.php?rest_route=\/wp\/v2\/pages\/313\/revisions\/430"}],"wp:attachment":[{"href":"https:\/\/ecoledemusiquedecazeres.fr\/index.php?rest_route=%2Fwp%2Fv2%2Fmedia&parent=313"}],"curies":[{"name":"wp","href":"https:\/\/api.w.org\/{rel}","templated":true}]}}