{"id":292,"date":"2022-08-24T09:17:44","date_gmt":"2022-08-24T09:17:44","guid":{"rendered":"https:\/\/ecoledemusiquedecazeres.fr\/?page_id=292"},"modified":"2023-09-05T13:51:48","modified_gmt":"2023-09-05T13:51:48","slug":"modifier-la-page","status":"publish","type":"page","link":"https:\/\/ecoledemusiquedecazeres.fr\/?page_id=292","title":{"rendered":"Les salles"},"content":{"rendered":"\n<p><a href=\"https:\/\/ecoledemusiquedecazeres.fr\/wp-admin\/edit.php?post_type=page\"><\/a><\/p>\n\n\n\n<p>Les salles de musique, mises \u00e0 disposition par la commune de Caz\u00e8res, se situent \u00e0 proximit\u00e9 de l\u2019\u00e9cole des Capucins. Ces salles sont proches les unes des autres.<\/p>\n\n\n<div class=\"wp-block-image\">\n<figure class=\"aligncenter size-full\"><img loading=\"lazy\" decoding=\"async\" width=\"699\" height=\"932\" src=\"https:\/\/ecoledemusiquedecazeres.fr\/wp-content\/uploads\/2023\/09\/plan-avec-indications.png\" alt=\"\" class=\"wp-image-444\" srcset=\"https:\/\/ecoledemusiquedecazeres.fr\/wp-content\/uploads\/2023\/09\/plan-avec-indications.png 699w, https:\/\/ecoledemusiquedecazeres.fr\/wp-content\/uploads\/2023\/09\/plan-avec-indications-225x300.png 225w\" sizes=\"auto, (max-width: 699px) 100vw, 699px\" \/><\/figure>\n<\/div>\n\n\n<p><a href=\"https:\/\/web.archive.org\/web\/20210402110912\/https:\/\/www.eimpp.fr\/lecole\/les-salles\/\"><\/a><\/p>\n\n\n\n<p><a href=\"https:\/\/web.archive.org\/web\/20210402110912\/https:\/\/www.eimpp.fr\/lecole\/les-salles\/\"><\/a><\/p>\n\n\n\n<p><a href=\"https:\/\/archive.org\/account\/login.php\"><\/a>&nbsp;<a href=\"http:\/\/faq.web.archive.org\/\"><\/a>&nbsp;<a href=\"https:\/\/web.archive.org\/web\/20210402110912\/https:\/\/www.eimpp.fr\/lecole\/les-salles\/#close\"><\/a><\/p>\n\n\n\n<p><a href=\"https:\/\/web.archive.org\/web\/20210402110912\/http:\/\/web.archive.org\/screenshot\/https:\/\/www.eimpp.fr\/lecole\/les-salles\/\"><\/a><a href=\"https:\/\/web.archive.org\/web\/20210402110912\/https:\/\/www.eimpp.fr\/lecole\/les-salles\/#\"><\/a><a href=\"https:\/\/web.archive.org\/web\/20210402110912\/https:\/\/www.eimpp.fr\/lecole\/les-salles\/#\" target=\"_blank\" rel=\"noreferrer noopener\"><\/a><a href=\"https:\/\/web.archive.org\/web\/20210402110912\/https:\/\/www.eimpp.fr\/lecole\/les-salles\/#\" target=\"_blank\" rel=\"noreferrer noopener\"><\/a><\/p>\n\n\n\n<p><a href=\"javascript:void(0);\"><\/a><a href=\"javascript:void(0);\"><\/a><\/p>\n\n\n\n<p><a target=\"_blank\" href=\"https:\/\/web.archive.org\/web\/20210402110912\/https:\/\/www.facebook.com\/sharer\/sharer.php?u=https:\/\/www.eimpp.fr\/lecole\/les-salles\/\" rel=\"noreferrer noopener\"><\/a><a target=\"_blank\" href=\"https:\/\/web.archive.org\/web\/20210402110912\/http:\/\/twitter.com\/share?text=Les%20salles&amp;url=https:\/\/www.eimpp.fr\/lecole\/les-salles\/\" rel=\"noreferrer noopener\"><\/a><a target=\"_blank\" href=\"https:\/\/web.archive.org\/web\/20210402110912\/http:\/\/pinterest.com\/pin\/create\/button\/?url=https:\/\/www.eimpp.fr\/lecole\/les-salles\/&amp;media=&amp;description=Les%20salles\" rel=\"noreferrer noopener\"><\/a><a target=\"_blank\" href=\"https:\/\/web.archive.org\/web\/20210402110912\/http:\/\/www.linkedin.com\/shareArticle?mini=true&amp;title=Les%20salles&amp;url=https:\/\/www.eimpp.fr\/lecole\/les-salles\/\" rel=\"noreferrer noopener\"><\/a><\/p>\n\n\n\n<p><a href=\"https:\/\/web.archive.org\/web\/20210402110912\/https:\/\/www.eimpp.fr\/lecole\/les-salles\/#\"><\/a><\/p>\n\n\n\n<p>\ufeff<\/p>\n","protected":false},"excerpt":{"rendered":"<p>Les salles de musique, mises \u00e0 disposition par la commune de Caz\u00e8res, se situent \u00e0 proximit\u00e9 de l\u2019\u00e9cole des Capucins. Ces salles sont proches les unes des autres. &nbsp;&nbsp; \ufeff<\/p>\n","protected":false},"author":3,"featured_media":0,"parent":0,"menu_order":0,"comment_status":"closed","ping_status":"closed","template":"","meta":{"_seopress_robots_primary_cat":"","_seopress_titles_title":"","_seopress_titles_desc":"","_seopress_robots_index":"","footnotes":""},"class_list":["post-292","page","type-page","status-publish"],"yoast_head":"<!-- This site is optimized with the Yoast SEO plugin v26.9 - https:\/\/yoast.com\/product\/yoast-seo-wordpress\/ -->\n<title>Les salles - \u00c9cole de musique de Caz\u00e8res de La Maison pour Tous<\/title>\n<meta name=\"robots\" content=\"index, follow, max-snippet:-1, max-image-preview:large, max-video-preview:-1\" \/>\n<link rel=\"canonical\" href=\"https:\/\/ecoledemusiquedecazeres.fr\/?page_id=292\" \/>\n<meta property=\"og:locale\" content=\"fr_FR\" \/>\n<meta property=\"og:type\" content=\"article\" \/>\n<meta property=\"og:title\" content=\"Les salles - \u00c9cole de musique de Caz\u00e8res de La Maison pour Tous\" \/>\n<meta property=\"og:description\" content=\"Les salles de musique, mises \u00e0 disposition par la commune de Caz\u00e8res, se situent \u00e0 proximit\u00e9 de l\u2019\u00e9cole des Capucins. Ces salles sont proches les unes des autres. &nbsp;&nbsp; \ufeff\" \/>\n<meta property=\"og:url\" content=\"https:\/\/ecoledemusiquedecazeres.fr\/?page_id=292\" \/>\n<meta property=\"og:site_name\" content=\"\u00c9cole de musique de Caz\u00e8res de La Maison pour Tous\" \/>\n<meta property=\"article:publisher\" content=\"https:\/\/fr-fr.facebook.com\/ecolemusique.petitespyrenees\" \/>\n<meta property=\"article:modified_time\" content=\"2023-09-05T13:51:48+00:00\" \/>\n<meta property=\"og:image\" content=\"https:\/\/ecoledemusiquedecazeres.fr\/wp-content\/uploads\/2023\/09\/plan-avec-indications.png\" \/>\n<meta name=\"twitter:card\" content=\"summary_large_image\" \/>\n<meta name=\"twitter:site\" content=\"@eimpp\" \/>\n<script type=\"application\/ld+json\" class=\"yoast-schema-graph\">{\"@context\":\"https:\/\/schema.org\",\"@graph\":[{\"@type\":\"WebPage\",\"@id\":\"https:\/\/ecoledemusiquedecazeres.fr\/?page_id=292\",\"url\":\"https:\/\/ecoledemusiquedecazeres.fr\/?page_id=292\",\"name\":\"Les salles - \u00c9cole de musique de Caz\u00e8res de La Maison pour Tous\",\"isPartOf\":{\"@id\":\"https:\/\/ecoledemusiquedecazeres.fr\/#website\"},\"primaryImageOfPage\":{\"@id\":\"https:\/\/ecoledemusiquedecazeres.fr\/?page_id=292#primaryimage\"},\"image\":{\"@id\":\"https:\/\/ecoledemusiquedecazeres.fr\/?page_id=292#primaryimage\"},\"thumbnailUrl\":\"https:\/\/ecoledemusiquedecazeres.fr\/wp-content\/uploads\/2023\/09\/plan-avec-indications.png\",\"datePublished\":\"2022-08-24T09:17:44+00:00\",\"dateModified\":\"2023-09-05T13:51:48+00:00\",\"breadcrumb\":{\"@id\":\"https:\/\/ecoledemusiquedecazeres.fr\/?page_id=292#breadcrumb\"},\"inLanguage\":\"fr-FR\",\"potentialAction\":[{\"@type\":\"ReadAction\",\"target\":[\"https:\/\/ecoledemusiquedecazeres.fr\/?page_id=292\"]}]},{\"@type\":\"ImageObject\",\"inLanguage\":\"fr-FR\",\"@id\":\"https:\/\/ecoledemusiquedecazeres.fr\/?page_id=292#primaryimage\",\"url\":\"https:\/\/ecoledemusiquedecazeres.fr\/wp-content\/uploads\/2023\/09\/plan-avec-indications.png\",\"contentUrl\":\"https:\/\/ecoledemusiquedecazeres.fr\/wp-content\/uploads\/2023\/09\/plan-avec-indications.png\",\"width\":699,\"height\":932},{\"@type\":\"BreadcrumbList\",\"@id\":\"https:\/\/ecoledemusiquedecazeres.fr\/?page_id=292#breadcrumb\",\"itemListElement\":[{\"@type\":\"ListItem\",\"position\":1,\"name\":\"Accueil\",\"item\":\"https:\/\/ecoledemusiquedecazeres.fr\/\"},{\"@type\":\"ListItem\",\"position\":2,\"name\":\"Les salles\"}]},{\"@type\":\"WebSite\",\"@id\":\"https:\/\/ecoledemusiquedecazeres.fr\/#website\",\"url\":\"https:\/\/ecoledemusiquedecazeres.fr\/\",\"name\":\"\u00c9cole de musique de Caz\u00e8res de La Maison pour Tous\",\"description\":\"Site web de l&#039;\u00e9cole de musique de Caz\u00e8res de la Maison Pour Tous\",\"publisher\":{\"@id\":\"https:\/\/ecoledemusiquedecazeres.fr\/#organization\"},\"potentialAction\":[{\"@type\":\"SearchAction\",\"target\":{\"@type\":\"EntryPoint\",\"urlTemplate\":\"https:\/\/ecoledemusiquedecazeres.fr\/?s={search_term_string}\"},\"query-input\":{\"@type\":\"PropertyValueSpecification\",\"valueRequired\":true,\"valueName\":\"search_term_string\"}}],\"inLanguage\":\"fr-FR\"},{\"@type\":\"Organization\",\"@id\":\"https:\/\/ecoledemusiquedecazeres.fr\/#organization\",\"name\":\"\u00c9cole de musique de Caz\u00e8res de La Maison pour Tous\",\"url\":\"https:\/\/ecoledemusiquedecazeres.fr\/\",\"logo\":{\"@type\":\"ImageObject\",\"inLanguage\":\"fr-FR\",\"@id\":\"https:\/\/ecoledemusiquedecazeres.fr\/#\/schema\/logo\/image\/\",\"url\":\"https:\/\/ecoledemusiquedecazeres.fr\/wp-content\/uploads\/2022\/08\/image-1.jpg\",\"contentUrl\":\"https:\/\/ecoledemusiquedecazeres.fr\/wp-content\/uploads\/2022\/08\/image-1.jpg\",\"width\":907,\"height\":582,\"caption\":\"\u00c9cole de musique de Caz\u00e8res de La Maison pour Tous\"},\"image\":{\"@id\":\"https:\/\/ecoledemusiquedecazeres.fr\/#\/schema\/logo\/image\/\"},\"sameAs\":[\"https:\/\/fr-fr.facebook.com\/ecolemusique.petitespyrenees\",\"https:\/\/x.com\/eimpp\"]}]}<\/script>\n<!-- \/ Yoast SEO plugin. -->","yoast_head_json":{"title":"Les salles - \u00c9cole de musique de Caz\u00e8res de La Maison pour Tous","robots":{"index":"index","follow":"follow","max-snippet":"max-snippet:-1","max-image-preview":"max-image-preview:large","max-video-preview":"max-video-preview:-1"},"canonical":"https:\/\/ecoledemusiquedecazeres.fr\/?page_id=292","og_locale":"fr_FR","og_type":"article","og_title":"Les salles - \u00c9cole de musique de Caz\u00e8res de La Maison pour Tous","og_description":"Les salles de musique, mises \u00e0 disposition par la commune de Caz\u00e8res, se situent \u00e0 proximit\u00e9 de l\u2019\u00e9cole des Capucins. Ces salles sont proches les unes des autres. &nbsp;&nbsp; \ufeff","og_url":"https:\/\/ecoledemusiquedecazeres.fr\/?page_id=292","og_site_name":"\u00c9cole de musique de Caz\u00e8res de La Maison pour Tous","article_publisher":"https:\/\/fr-fr.facebook.com\/ecolemusique.petitespyrenees","article_modified_time":"2023-09-05T13:51:48+00:00","og_image":[{"url":"https:\/\/ecoledemusiquedecazeres.fr\/wp-content\/uploads\/2023\/09\/plan-avec-indications.png","type":"","width":"","height":""}],"twitter_card":"summary_large_image","twitter_site":"@eimpp","schema":{"@context":"https:\/\/schema.org","@graph":[{"@type":"WebPage","@id":"https:\/\/ecoledemusiquedecazeres.fr\/?page_id=292","url":"https:\/\/ecoledemusiquedecazeres.fr\/?page_id=292","name":"Les salles - \u00c9cole de musique de Caz\u00e8res de La Maison pour Tous","isPartOf":{"@id":"https:\/\/ecoledemusiquedecazeres.fr\/#website"},"primaryImageOfPage":{"@id":"https:\/\/ecoledemusiquedecazeres.fr\/?page_id=292#primaryimage"},"image":{"@id":"https:\/\/ecoledemusiquedecazeres.fr\/?page_id=292#primaryimage"},"thumbnailUrl":"https:\/\/ecoledemusiquedecazeres.fr\/wp-content\/uploads\/2023\/09\/plan-avec-indications.png","datePublished":"2022-08-24T09:17:44+00:00","dateModified":"2023-09-05T13:51:48+00:00","breadcrumb":{"@id":"https:\/\/ecoledemusiquedecazeres.fr\/?page_id=292#breadcrumb"},"inLanguage":"fr-FR","potentialAction":[{"@type":"ReadAction","target":["https:\/\/ecoledemusiquedecazeres.fr\/?page_id=292"]}]},{"@type":"ImageObject","inLanguage":"fr-FR","@id":"https:\/\/ecoledemusiquedecazeres.fr\/?page_id=292#primaryimage","url":"https:\/\/ecoledemusiquedecazeres.fr\/wp-content\/uploads\/2023\/09\/plan-avec-indications.png","contentUrl":"https:\/\/ecoledemusiquedecazeres.fr\/wp-content\/uploads\/2023\/09\/plan-avec-indications.png","width":699,"height":932},{"@type":"BreadcrumbList","@id":"https:\/\/ecoledemusiquedecazeres.fr\/?page_id=292#breadcrumb","itemListElement":[{"@type":"ListItem","position":1,"name":"Accueil","item":"https:\/\/ecoledemusiquedecazeres.fr\/"},{"@type":"ListItem","position":2,"name":"Les salles"}]},{"@type":"WebSite","@id":"https:\/\/ecoledemusiquedecazeres.fr\/#website","url":"https:\/\/ecoledemusiquedecazeres.fr\/","name":"\u00c9cole de musique de Caz\u00e8res de La Maison pour Tous","description":"Site web de l&#039;\u00e9cole de musique de Caz\u00e8res de la Maison Pour Tous","publisher":{"@id":"https:\/\/ecoledemusiquedecazeres.fr\/#organization"},"potentialAction":[{"@type":"SearchAction","target":{"@type":"EntryPoint","urlTemplate":"https:\/\/ecoledemusiquedecazeres.fr\/?s={search_term_string}"},"query-input":{"@type":"PropertyValueSpecification","valueRequired":true,"valueName":"search_term_string"}}],"inLanguage":"fr-FR"},{"@type":"Organization","@id":"https:\/\/ecoledemusiquedecazeres.fr\/#organization","name":"\u00c9cole de musique de Caz\u00e8res de La Maison pour Tous","url":"https:\/\/ecoledemusiquedecazeres.fr\/","logo":{"@type":"ImageObject","inLanguage":"fr-FR","@id":"https:\/\/ecoledemusiquedecazeres.fr\/#\/schema\/logo\/image\/","url":"https:\/\/ecoledemusiquedecazeres.fr\/wp-content\/uploads\/2022\/08\/image-1.jpg","contentUrl":"https:\/\/ecoledemusiquedecazeres.fr\/wp-content\/uploads\/2022\/08\/image-1.jpg","width":907,"height":582,"caption":"\u00c9cole de musique de Caz\u00e8res de La Maison pour Tous"},"image":{"@id":"https:\/\/ecoledemusiquedecazeres.fr\/#\/schema\/logo\/image\/"},"sameAs":["https:\/\/fr-fr.facebook.com\/ecolemusique.petitespyrenees","https:\/\/x.com\/eimpp"]}]}},"_links":{"self":[{"href":"https:\/\/ecoledemusiquedecazeres.fr\/index.php?rest_route=\/wp\/v2\/pages\/292","targetHints":{"allow":["GET"]}}],"collection":[{"href":"https:\/\/ecoledemusiquedecazeres.fr\/index.php?rest_route=\/wp\/v2\/pages"}],"about":[{"href":"https:\/\/ecoledemusiquedecazeres.fr\/index.php?rest_route=\/wp\/v2\/types\/page"}],"author":[{"embeddable":true,"href":"https:\/\/ecoledemusiquedecazeres.fr\/index.php?rest_route=\/wp\/v2\/users\/3"}],"replies":[{"embeddable":true,"href":"https:\/\/ecoledemusiquedecazeres.fr\/index.php?rest_route=%2Fwp%2Fv2%2Fcomments&post=292"}],"version-history":[{"count":7,"href":"https:\/\/ecoledemusiquedecazeres.fr\/index.php?rest_route=\/wp\/v2\/pages\/292\/revisions"}],"predecessor-version":[{"id":446,"href":"https:\/\/ecoledemusiquedecazeres.fr\/index.php?rest_route=\/wp\/v2\/pages\/292\/revisions\/446"}],"wp:attachment":[{"href":"https:\/\/ecoledemusiquedecazeres.fr\/index.php?rest_route=%2Fwp%2Fv2%2Fmedia&parent=292"}],"curies":[{"name":"wp","href":"https:\/\/api.w.org\/{rel}","templated":true}]}}