{"id":284,"date":"2022-08-24T08:32:35","date_gmt":"2022-08-24T08:32:35","guid":{"rendered":"https:\/\/ecoledemusiquedecazeres.fr\/?page_id=284"},"modified":"2022-08-24T08:44:08","modified_gmt":"2022-08-24T08:44:08","slug":"284-2","status":"publish","type":"page","link":"https:\/\/ecoledemusiquedecazeres.fr\/?page_id=284","title":{"rendered":"R\u00e8glement int\u00e9rieur"},"content":{"rendered":"\n<p>Pour consulter le r\u00e8glement int\u00e9rieur suivre le lien : <a href=\"http:\/\/mptcazeres.fr\/wp-content\/uploads\/2022\/08\/r%C3%A8glement-int%C3%A9rieur-2022-2023-ok.docx.pdf\">r\u00e8glement int\u00e9rieur 2022-2023 <\/a><\/p>\n","protected":false},"excerpt":{"rendered":"<p>Pour consulter le r\u00e8glement int\u00e9rieur suivre le lien : r\u00e8glement int\u00e9rieur 2022-2023<\/p>\n","protected":false},"author":3,"featured_media":0,"parent":0,"menu_order":0,"comment_status":"closed","ping_status":"closed","template":"","meta":{"_seopress_robots_primary_cat":"","_seopress_titles_title":"","_seopress_titles_desc":"","_seopress_robots_index":"","footnotes":""},"class_list":["post-284","page","type-page","status-publish"],"yoast_head":"<!-- This site is optimized with the Yoast SEO plugin v26.9 - https:\/\/yoast.com\/product\/yoast-seo-wordpress\/ -->\n<title>R\u00e8glement int\u00e9rieur - \u00c9cole de musique de Caz\u00e8res de La Maison pour Tous<\/title>\n<meta name=\"robots\" content=\"index, follow, max-snippet:-1, max-image-preview:large, max-video-preview:-1\" \/>\n<link rel=\"canonical\" href=\"https:\/\/ecoledemusiquedecazeres.fr\/?page_id=284\" \/>\n<meta property=\"og:locale\" content=\"fr_FR\" \/>\n<meta property=\"og:type\" content=\"article\" \/>\n<meta property=\"og:title\" content=\"R\u00e8glement int\u00e9rieur - \u00c9cole de musique de Caz\u00e8res de La Maison pour Tous\" \/>\n<meta property=\"og:description\" content=\"Pour consulter le r\u00e8glement int\u00e9rieur suivre le lien : r\u00e8glement int\u00e9rieur 2022-2023\" \/>\n<meta property=\"og:url\" content=\"https:\/\/ecoledemusiquedecazeres.fr\/?page_id=284\" \/>\n<meta property=\"og:site_name\" content=\"\u00c9cole de musique de Caz\u00e8res de La Maison pour Tous\" \/>\n<meta property=\"article:publisher\" content=\"https:\/\/fr-fr.facebook.com\/ecolemusique.petitespyrenees\" \/>\n<meta property=\"article:modified_time\" content=\"2022-08-24T08:44:08+00:00\" \/>\n<meta name=\"twitter:card\" content=\"summary_large_image\" \/>\n<meta name=\"twitter:site\" content=\"@eimpp\" \/>\n<script type=\"application\/ld+json\" class=\"yoast-schema-graph\">{\"@context\":\"https:\/\/schema.org\",\"@graph\":[{\"@type\":\"WebPage\",\"@id\":\"https:\/\/ecoledemusiquedecazeres.fr\/?page_id=284\",\"url\":\"https:\/\/ecoledemusiquedecazeres.fr\/?page_id=284\",\"name\":\"R\u00e8glement int\u00e9rieur - \u00c9cole de musique de Caz\u00e8res de La Maison pour Tous\",\"isPartOf\":{\"@id\":\"https:\/\/ecoledemusiquedecazeres.fr\/#website\"},\"datePublished\":\"2022-08-24T08:32:35+00:00\",\"dateModified\":\"2022-08-24T08:44:08+00:00\",\"breadcrumb\":{\"@id\":\"https:\/\/ecoledemusiquedecazeres.fr\/?page_id=284#breadcrumb\"},\"inLanguage\":\"fr-FR\",\"potentialAction\":[{\"@type\":\"ReadAction\",\"target\":[\"https:\/\/ecoledemusiquedecazeres.fr\/?page_id=284\"]}]},{\"@type\":\"BreadcrumbList\",\"@id\":\"https:\/\/ecoledemusiquedecazeres.fr\/?page_id=284#breadcrumb\",\"itemListElement\":[{\"@type\":\"ListItem\",\"position\":1,\"name\":\"Accueil\",\"item\":\"https:\/\/ecoledemusiquedecazeres.fr\/\"},{\"@type\":\"ListItem\",\"position\":2,\"name\":\"R\u00e8glement int\u00e9rieur\"}]},{\"@type\":\"WebSite\",\"@id\":\"https:\/\/ecoledemusiquedecazeres.fr\/#website\",\"url\":\"https:\/\/ecoledemusiquedecazeres.fr\/\",\"name\":\"\u00c9cole de musique de Caz\u00e8res de La Maison pour Tous\",\"description\":\"Site web de l&#039;\u00e9cole de musique de Caz\u00e8res de la Maison Pour Tous\",\"publisher\":{\"@id\":\"https:\/\/ecoledemusiquedecazeres.fr\/#organization\"},\"potentialAction\":[{\"@type\":\"SearchAction\",\"target\":{\"@type\":\"EntryPoint\",\"urlTemplate\":\"https:\/\/ecoledemusiquedecazeres.fr\/?s={search_term_string}\"},\"query-input\":{\"@type\":\"PropertyValueSpecification\",\"valueRequired\":true,\"valueName\":\"search_term_string\"}}],\"inLanguage\":\"fr-FR\"},{\"@type\":\"Organization\",\"@id\":\"https:\/\/ecoledemusiquedecazeres.fr\/#organization\",\"name\":\"\u00c9cole de musique de Caz\u00e8res de La Maison pour Tous\",\"url\":\"https:\/\/ecoledemusiquedecazeres.fr\/\",\"logo\":{\"@type\":\"ImageObject\",\"inLanguage\":\"fr-FR\",\"@id\":\"https:\/\/ecoledemusiquedecazeres.fr\/#\/schema\/logo\/image\/\",\"url\":\"https:\/\/ecoledemusiquedecazeres.fr\/wp-content\/uploads\/2022\/08\/image-1.jpg\",\"contentUrl\":\"https:\/\/ecoledemusiquedecazeres.fr\/wp-content\/uploads\/2022\/08\/image-1.jpg\",\"width\":907,\"height\":582,\"caption\":\"\u00c9cole de musique de Caz\u00e8res de La Maison pour Tous\"},\"image\":{\"@id\":\"https:\/\/ecoledemusiquedecazeres.fr\/#\/schema\/logo\/image\/\"},\"sameAs\":[\"https:\/\/fr-fr.facebook.com\/ecolemusique.petitespyrenees\",\"https:\/\/x.com\/eimpp\"]}]}<\/script>\n<!-- \/ Yoast SEO plugin. -->","yoast_head_json":{"title":"R\u00e8glement int\u00e9rieur - \u00c9cole de musique de Caz\u00e8res de La Maison pour Tous","robots":{"index":"index","follow":"follow","max-snippet":"max-snippet:-1","max-image-preview":"max-image-preview:large","max-video-preview":"max-video-preview:-1"},"canonical":"https:\/\/ecoledemusiquedecazeres.fr\/?page_id=284","og_locale":"fr_FR","og_type":"article","og_title":"R\u00e8glement int\u00e9rieur - \u00c9cole de musique de Caz\u00e8res de La Maison pour Tous","og_description":"Pour consulter le r\u00e8glement int\u00e9rieur suivre le lien : r\u00e8glement int\u00e9rieur 2022-2023","og_url":"https:\/\/ecoledemusiquedecazeres.fr\/?page_id=284","og_site_name":"\u00c9cole de musique de Caz\u00e8res de La Maison pour Tous","article_publisher":"https:\/\/fr-fr.facebook.com\/ecolemusique.petitespyrenees","article_modified_time":"2022-08-24T08:44:08+00:00","twitter_card":"summary_large_image","twitter_site":"@eimpp","schema":{"@context":"https:\/\/schema.org","@graph":[{"@type":"WebPage","@id":"https:\/\/ecoledemusiquedecazeres.fr\/?page_id=284","url":"https:\/\/ecoledemusiquedecazeres.fr\/?page_id=284","name":"R\u00e8glement int\u00e9rieur - \u00c9cole de musique de Caz\u00e8res de La Maison pour Tous","isPartOf":{"@id":"https:\/\/ecoledemusiquedecazeres.fr\/#website"},"datePublished":"2022-08-24T08:32:35+00:00","dateModified":"2022-08-24T08:44:08+00:00","breadcrumb":{"@id":"https:\/\/ecoledemusiquedecazeres.fr\/?page_id=284#breadcrumb"},"inLanguage":"fr-FR","potentialAction":[{"@type":"ReadAction","target":["https:\/\/ecoledemusiquedecazeres.fr\/?page_id=284"]}]},{"@type":"BreadcrumbList","@id":"https:\/\/ecoledemusiquedecazeres.fr\/?page_id=284#breadcrumb","itemListElement":[{"@type":"ListItem","position":1,"name":"Accueil","item":"https:\/\/ecoledemusiquedecazeres.fr\/"},{"@type":"ListItem","position":2,"name":"R\u00e8glement int\u00e9rieur"}]},{"@type":"WebSite","@id":"https:\/\/ecoledemusiquedecazeres.fr\/#website","url":"https:\/\/ecoledemusiquedecazeres.fr\/","name":"\u00c9cole de musique de Caz\u00e8res de La Maison pour Tous","description":"Site web de l&#039;\u00e9cole de musique de Caz\u00e8res de la Maison Pour Tous","publisher":{"@id":"https:\/\/ecoledemusiquedecazeres.fr\/#organization"},"potentialAction":[{"@type":"SearchAction","target":{"@type":"EntryPoint","urlTemplate":"https:\/\/ecoledemusiquedecazeres.fr\/?s={search_term_string}"},"query-input":{"@type":"PropertyValueSpecification","valueRequired":true,"valueName":"search_term_string"}}],"inLanguage":"fr-FR"},{"@type":"Organization","@id":"https:\/\/ecoledemusiquedecazeres.fr\/#organization","name":"\u00c9cole de musique de Caz\u00e8res de La Maison pour Tous","url":"https:\/\/ecoledemusiquedecazeres.fr\/","logo":{"@type":"ImageObject","inLanguage":"fr-FR","@id":"https:\/\/ecoledemusiquedecazeres.fr\/#\/schema\/logo\/image\/","url":"https:\/\/ecoledemusiquedecazeres.fr\/wp-content\/uploads\/2022\/08\/image-1.jpg","contentUrl":"https:\/\/ecoledemusiquedecazeres.fr\/wp-content\/uploads\/2022\/08\/image-1.jpg","width":907,"height":582,"caption":"\u00c9cole de musique de Caz\u00e8res de La Maison pour Tous"},"image":{"@id":"https:\/\/ecoledemusiquedecazeres.fr\/#\/schema\/logo\/image\/"},"sameAs":["https:\/\/fr-fr.facebook.com\/ecolemusique.petitespyrenees","https:\/\/x.com\/eimpp"]}]}},"_links":{"self":[{"href":"https:\/\/ecoledemusiquedecazeres.fr\/index.php?rest_route=\/wp\/v2\/pages\/284","targetHints":{"allow":["GET"]}}],"collection":[{"href":"https:\/\/ecoledemusiquedecazeres.fr\/index.php?rest_route=\/wp\/v2\/pages"}],"about":[{"href":"https:\/\/ecoledemusiquedecazeres.fr\/index.php?rest_route=\/wp\/v2\/types\/page"}],"author":[{"embeddable":true,"href":"https:\/\/ecoledemusiquedecazeres.fr\/index.php?rest_route=\/wp\/v2\/users\/3"}],"replies":[{"embeddable":true,"href":"https:\/\/ecoledemusiquedecazeres.fr\/index.php?rest_route=%2Fwp%2Fv2%2Fcomments&post=284"}],"version-history":[{"count":3,"href":"https:\/\/ecoledemusiquedecazeres.fr\/index.php?rest_route=\/wp\/v2\/pages\/284\/revisions"}],"predecessor-version":[{"id":291,"href":"https:\/\/ecoledemusiquedecazeres.fr\/index.php?rest_route=\/wp\/v2\/pages\/284\/revisions\/291"}],"wp:attachment":[{"href":"https:\/\/ecoledemusiquedecazeres.fr\/index.php?rest_route=%2Fwp%2Fv2%2Fmedia&parent=284"}],"curies":[{"name":"wp","href":"https:\/\/api.w.org\/{rel}","templated":true}]}}