{"id":166,"date":"2022-08-13T08:46:50","date_gmt":"2022-08-13T08:46:50","guid":{"rendered":"https:\/\/ecoledemusiquedecazeres.fr\/?page_id=166"},"modified":"2026-02-08T08:47:31","modified_gmt":"2026-02-08T08:47:31","slug":"home","status":"publish","type":"page","link":"https:\/\/ecoledemusiquedecazeres.fr\/","title":{"rendered":"Accueil"},"content":{"rendered":"\n<h6 class=\"wp-block-heading has-text-align-center has-x-large-font-size\"><\/h6>\n\n\n\n<p><\/p>\n\n\n\n<figure class=\"wp-block-image size-full\"><img loading=\"lazy\" decoding=\"async\" width=\"1414\" height=\"2000\" src=\"https:\/\/ecoledemusiquedecazeres.fr\/wp-content\/uploads\/2026\/01\/WhatsApp-Image-2026-01-08-at-15.39.49.jpeg\" alt=\"\" class=\"wp-image-643\" srcset=\"https:\/\/ecoledemusiquedecazeres.fr\/wp-content\/uploads\/2026\/01\/WhatsApp-Image-2026-01-08-at-15.39.49.jpeg 1414w, https:\/\/ecoledemusiquedecazeres.fr\/wp-content\/uploads\/2026\/01\/WhatsApp-Image-2026-01-08-at-15.39.49-212x300.jpeg 212w, https:\/\/ecoledemusiquedecazeres.fr\/wp-content\/uploads\/2026\/01\/WhatsApp-Image-2026-01-08-at-15.39.49-724x1024.jpeg 724w, https:\/\/ecoledemusiquedecazeres.fr\/wp-content\/uploads\/2026\/01\/WhatsApp-Image-2026-01-08-at-15.39.49-768x1086.jpeg 768w, https:\/\/ecoledemusiquedecazeres.fr\/wp-content\/uploads\/2026\/01\/WhatsApp-Image-2026-01-08-at-15.39.49-1086x1536.jpeg 1086w, https:\/\/ecoledemusiquedecazeres.fr\/wp-content\/uploads\/2026\/01\/WhatsApp-Image-2026-01-08-at-15.39.49-1320x1867.jpeg 1320w\" sizes=\"auto, (max-width: 1414px) 100vw, 1414px\" \/><\/figure>\n\n\n\n<h2 class=\"wp-block-heading\">Une Tombola sera organis\u00e9e pendant le concert avec notamment des cours de d\u00e9couverte de batterie, guitare, piano, chant&#8230; \u00e0 gagner!<\/h2>\n\n\n\n<p><\/p>\n\n\n\n<p class=\"has-x-large-font-size\"><\/p>\n\n\n\n<p><\/p>\n\n\n\n<p><strong>\u2022<\/strong><strong>HORAIRES &amp; CONTACTS DU SECR\u00c9TARIAT&nbsp;<\/strong><\/p>\n\n\n\n<p>Lundi sur RDV <\/p>\n\n\n\n<p>Mardi de 9h \u00e0 12h30                                                            <br>Mercredi&nbsp;de 9h-12h30 et 14h-17h30<br>Jeudi et vendredi&nbsp;de 14h-17h30<br>Samedi&nbsp;de 9h-12h<\/p>\n\n\n\n<p>6 rue des Capucins<\/p>\n\n\n\n\n\n<p class=\"has-large-font-size\"><\/p>\n\n\n\n<p class=\"has-vivid-red-color has-text-color has-medium-font-size\"><\/p>\n\n\n\n<p><\/p>\n\n\n\n\n\n<h2>Bienvenue \u00e0 l&rsquo;\u00e9cole de musique de Caz\u00e8res !<br><\/h2>\n\n\n\n\n\n\n\n<h2>Qui sommes-nous ?<br><\/h2>\n\n\n<p>N\u00e9e en 1982, l&rsquo;\u00e9cole de musique de Caz\u00e8res anciennement EIMPP est une association de musique aux diverses disciplines. <\/p>\n\n\n<p><br><\/p><p style=\"background: rgb(255, 255, 255); border: 0px; margin: 0px 0px 24px; padding: 0px; vertical-align: baseline; color: rgb(51, 51, 51); font-family: Georgia, &quot;Bitstream Charter&quot;, serif; font-size: 16px; font-style: normal; font-variant-ligatures: normal; font-variant-caps: normal; font-weight: 400; letter-spacing: normal; orphans: 2; text-align: start; text-indent: 0px; text-transform: none; white-space: normal; widows: 2; word-spacing: 0px; -webkit-text-stroke-width: 0px; text-decoration-thickness: initial; text-decoration-style: initial; text-decoration-color: initial;\">Pratiquer au sein de l\u2019\u00e9cole de musique, ce sont :<\/p><p style=\"background: rgb(255, 255, 255); border: 0px; margin: 0px 0px 24px; padding: 0px; vertical-align: baseline; color: rgb(51, 51, 51); font-family: Georgia, &quot;Bitstream Charter&quot;, serif; font-size: 16px; font-style: normal; font-variant-ligatures: normal; font-variant-caps: normal; font-weight: 400; letter-spacing: normal; orphans: 2; text-align: start; text-indent: 0px; text-transform: none; white-space: normal; widows: 2; word-spacing: 0px; -webkit-text-stroke-width: 0px; text-decoration-thickness: initial; text-decoration-style: initial; text-decoration-color: initial;\">\u2022&nbsp;des cours (instruments, chant) avec des professeurs exp\u00e9riment\u00e9s,<br>\u2022&nbsp;une formation musicale (solf\u00e8ge) progressive,<br>\u2022&nbsp;une \u00e9valuation des acquis par des examens annuels,<br>\u2022&nbsp;la possibilit\u00e9 de pr\u00e9senter les examens de l\u2019Union d\u00e9partementale des \u00e9coles de musique,<br>\u2022&nbsp;un travail collectif&nbsp;: ateliers musicaux, duos, groupes de musique actuelle&#8230;<br>\u2022&nbsp;l\u2019exp\u00e9rience de la sc\u00e8ne&nbsp;: soir\u00e9es groupes, f\u00eate de l\u2019\u00e9cole, f\u00eate de la musique, concerts classiques.<br>Pour en savoir plus nous vous invitons \u00e0 regarder le&nbsp;<a href=\"https:\/\/www.youtube.com\/watch?v=h4wII7EyyAo\" style=\"background: transparent; border: 0px; margin: 0px; padding: 0px; vertical-align: baseline; color: rgb(255, 170, 0);\">MAG POUR TOUS vid\u00e9o n\u00b012<\/a><\/p>\n\n\n\n\n<p>Lorem Ipsum has been the industry&rsquo;s standard dummy text ever since the 1500s.<\/p>\n\n\n<pre style=\"text-align: right;\">\u00c9cole de Musique de Caz\u00e8res - Maison Pour Tous\nRue des capucins\n31220 CAZERES-SUR-GARONNE\nemail : ecoledemusique @ mptcazeres.fr\nt\u00e9l. MPT : 05.61.90.20.72\nt\u00e9l.: 06.88.62.24.32<\/pre><p><\/p>\n\n\n\n\n\n\n\n<h2>Qu&rsquo;enseignons-nous ?<br><\/h2>\n\n\n\n\n\n\n\n\n\n\n<h4>Groupes musicaux<br><\/h4>\n\n\nL&rsquo;\u00e9cole permet aux \u00e9l\u00e8ves de former des groupes de musique actuelle ainsi que de participer \u00e0 des cours collectifs comme le chant choral (enfant ou \nadolescents)ou les ensembles instrumentaux (percussions, guitare&#8230;).\n\n\n\n\n\n\n\n\n\n<h4>Cours individuels ou en bin\u00f4mes<br><\/h4>\n\n\n<p>Nous vous proposons des cours flexibles de diff\u00e9rents formats (30min, 45min, 60min, hebdomadaire&#8230;) pour s&rsquo;adapter au mieux \u00e0 vos besoins. <\/p>\n\n\n<p>Vous pouvez consulter la liste des instruments enseign\u00e9s sur le site !<\/p>\n\n\n\n\n\n\n\n\n\n<h4>Formation musicale<br><\/h4>\n\n\nDes cours de formation musicale ou solf\u00e8ge sont dispens\u00e9s, donnant la possibilit\u00e9 aux \u00e9l\u00e8ves de 5\u00e8me ann\u00e9e de pr\u00e9senter le brevet musical \nd\u00e9partemental de fin de cycle.\n\n\n<p><br><\/p>\n\n\n\n\n\n\n\n<p><\/p>\n","protected":false},"excerpt":{"rendered":"<p>Une Tombola sera organis\u00e9e pendant le concert avec notamment des cours de d\u00e9couverte de batterie, guitare, piano, chant&#8230; \u00e0 gagner! \u2022HORAIRES &amp; CONTACTS DU SECR\u00c9TARIAT&nbsp; Lundi sur RDV Mardi de 9h \u00e0 12h30 Mercredi&nbsp;de 9h-12h30 et 14h-17h30Jeudi et vendredi&nbsp;de 14h-17h30Samedi&nbsp;de 9h-12h 6 rue des Capucins<\/p>\n","protected":false},"author":1,"featured_media":664,"parent":0,"menu_order":0,"comment_status":"closed","ping_status":"closed","template":"","meta":{"_seopress_robots_primary_cat":"","_seopress_titles_title":"","_seopress_titles_desc":"","_seopress_robots_index":"","footnotes":""},"class_list":["post-166","page","type-page","status-publish","has-post-thumbnail"],"yoast_head":"<!-- This site is optimized with the Yoast SEO plugin v26.9 - https:\/\/yoast.com\/product\/yoast-seo-wordpress\/ -->\n<title>Accueil - \u00c9cole de musique de Caz\u00e8res de La Maison pour Tous<\/title>\n<meta name=\"robots\" content=\"index, follow, max-snippet:-1, max-image-preview:large, max-video-preview:-1\" \/>\n<link rel=\"canonical\" href=\"https:\/\/ecoledemusiquedecazeres.fr\/\" \/>\n<meta property=\"og:locale\" content=\"fr_FR\" \/>\n<meta property=\"og:type\" content=\"article\" \/>\n<meta property=\"og:title\" content=\"Accueil - \u00c9cole de musique de Caz\u00e8res de La Maison pour Tous\" \/>\n<meta property=\"og:description\" content=\"Une Tombola sera organis\u00e9e pendant le concert avec notamment des cours de d\u00e9couverte de batterie, guitare, piano, chant&#8230; \u00e0 gagner! \u2022HORAIRES &amp; CONTACTS DU SECR\u00c9TARIAT&nbsp; Lundi sur RDV Mardi de 9h \u00e0 12h30 Mercredi&nbsp;de 9h-12h30 et 14h-17h30Jeudi et vendredi&nbsp;de 14h-17h30Samedi&nbsp;de 9h-12h 6 rue des Capucins\" \/>\n<meta property=\"og:url\" content=\"https:\/\/ecoledemusiquedecazeres.fr\/\" \/>\n<meta property=\"og:site_name\" content=\"\u00c9cole de musique de Caz\u00e8res de La Maison pour Tous\" \/>\n<meta property=\"article:publisher\" content=\"https:\/\/fr-fr.facebook.com\/ecolemusique.petitespyrenees\" \/>\n<meta property=\"article:modified_time\" content=\"2026-02-08T08:47:31+00:00\" \/>\n<meta property=\"og:image\" content=\"https:\/\/ecoledemusiquedecazeres.fr\/wp-content\/uploads\/2024\/03\/20220521_213914-1024x461.jpg\" \/>\n<meta name=\"twitter:card\" content=\"summary_large_image\" \/>\n<meta name=\"twitter:site\" content=\"@eimpp\" \/>\n<meta name=\"twitter:label1\" content=\"Dur\u00e9e de lecture estim\u00e9e\" \/>\n\t<meta name=\"twitter:data1\" content=\"3 minutes\" \/>\n<script type=\"application\/ld+json\" class=\"yoast-schema-graph\">{\"@context\":\"https:\/\/schema.org\",\"@graph\":[{\"@type\":\"WebPage\",\"@id\":\"https:\/\/ecoledemusiquedecazeres.fr\/\",\"url\":\"https:\/\/ecoledemusiquedecazeres.fr\/\",\"name\":\"Accueil - \u00c9cole de musique de Caz\u00e8res de La Maison pour Tous\",\"isPartOf\":{\"@id\":\"https:\/\/ecoledemusiquedecazeres.fr\/#website\"},\"primaryImageOfPage\":{\"@id\":\"https:\/\/ecoledemusiquedecazeres.fr\/#primaryimage\"},\"image\":{\"@id\":\"https:\/\/ecoledemusiquedecazeres.fr\/#primaryimage\"},\"thumbnailUrl\":\"https:\/\/ecoledemusiquedecazeres.fr\/wp-content\/uploads\/2026\/02\/Atelier-percu-1-scaled-e1770540437965.jpg\",\"datePublished\":\"2022-08-13T08:46:50+00:00\",\"dateModified\":\"2026-02-08T08:47:31+00:00\",\"breadcrumb\":{\"@id\":\"https:\/\/ecoledemusiquedecazeres.fr\/#breadcrumb\"},\"inLanguage\":\"fr-FR\",\"potentialAction\":[{\"@type\":\"ReadAction\",\"target\":[\"https:\/\/ecoledemusiquedecazeres.fr\/\"]}]},{\"@type\":\"ImageObject\",\"inLanguage\":\"fr-FR\",\"@id\":\"https:\/\/ecoledemusiquedecazeres.fr\/#primaryimage\",\"url\":\"https:\/\/ecoledemusiquedecazeres.fr\/wp-content\/uploads\/2026\/02\/Atelier-percu-1-scaled-e1770540437965.jpg\",\"contentUrl\":\"https:\/\/ecoledemusiquedecazeres.fr\/wp-content\/uploads\/2026\/02\/Atelier-percu-1-scaled-e1770540437965.jpg\",\"width\":2000,\"height\":959},{\"@type\":\"BreadcrumbList\",\"@id\":\"https:\/\/ecoledemusiquedecazeres.fr\/#breadcrumb\",\"itemListElement\":[{\"@type\":\"ListItem\",\"position\":1,\"name\":\"Accueil\",\"item\":\"https:\/\/ecoledemusiquedecazeres.fr\/\"},{\"@type\":\"ListItem\",\"position\":2,\"name\":\"Accueil\"}]},{\"@type\":\"WebSite\",\"@id\":\"https:\/\/ecoledemusiquedecazeres.fr\/#website\",\"url\":\"https:\/\/ecoledemusiquedecazeres.fr\/\",\"name\":\"\u00c9cole de musique de Caz\u00e8res de La Maison pour Tous\",\"description\":\"Site web de l&#039;\u00e9cole de musique de Caz\u00e8res de la Maison Pour Tous\",\"publisher\":{\"@id\":\"https:\/\/ecoledemusiquedecazeres.fr\/#organization\"},\"potentialAction\":[{\"@type\":\"SearchAction\",\"target\":{\"@type\":\"EntryPoint\",\"urlTemplate\":\"https:\/\/ecoledemusiquedecazeres.fr\/?s={search_term_string}\"},\"query-input\":{\"@type\":\"PropertyValueSpecification\",\"valueRequired\":true,\"valueName\":\"search_term_string\"}}],\"inLanguage\":\"fr-FR\"},{\"@type\":\"Organization\",\"@id\":\"https:\/\/ecoledemusiquedecazeres.fr\/#organization\",\"name\":\"\u00c9cole de musique de Caz\u00e8res de La Maison pour Tous\",\"url\":\"https:\/\/ecoledemusiquedecazeres.fr\/\",\"logo\":{\"@type\":\"ImageObject\",\"inLanguage\":\"fr-FR\",\"@id\":\"https:\/\/ecoledemusiquedecazeres.fr\/#\/schema\/logo\/image\/\",\"url\":\"https:\/\/ecoledemusiquedecazeres.fr\/wp-content\/uploads\/2022\/08\/image-1.jpg\",\"contentUrl\":\"https:\/\/ecoledemusiquedecazeres.fr\/wp-content\/uploads\/2022\/08\/image-1.jpg\",\"width\":907,\"height\":582,\"caption\":\"\u00c9cole de musique de Caz\u00e8res de La Maison pour Tous\"},\"image\":{\"@id\":\"https:\/\/ecoledemusiquedecazeres.fr\/#\/schema\/logo\/image\/\"},\"sameAs\":[\"https:\/\/fr-fr.facebook.com\/ecolemusique.petitespyrenees\",\"https:\/\/x.com\/eimpp\"]}]}<\/script>\n<!-- \/ Yoast SEO plugin. -->","yoast_head_json":{"title":"Accueil - \u00c9cole de musique de Caz\u00e8res de La Maison pour Tous","robots":{"index":"index","follow":"follow","max-snippet":"max-snippet:-1","max-image-preview":"max-image-preview:large","max-video-preview":"max-video-preview:-1"},"canonical":"https:\/\/ecoledemusiquedecazeres.fr\/","og_locale":"fr_FR","og_type":"article","og_title":"Accueil - \u00c9cole de musique de Caz\u00e8res de La Maison pour Tous","og_description":"Une Tombola sera organis\u00e9e pendant le concert avec notamment des cours de d\u00e9couverte de batterie, guitare, piano, chant&#8230; \u00e0 gagner! \u2022HORAIRES &amp; CONTACTS DU SECR\u00c9TARIAT&nbsp; Lundi sur RDV Mardi de 9h \u00e0 12h30 Mercredi&nbsp;de 9h-12h30 et 14h-17h30Jeudi et vendredi&nbsp;de 14h-17h30Samedi&nbsp;de 9h-12h 6 rue des Capucins","og_url":"https:\/\/ecoledemusiquedecazeres.fr\/","og_site_name":"\u00c9cole de musique de Caz\u00e8res de La Maison pour Tous","article_publisher":"https:\/\/fr-fr.facebook.com\/ecolemusique.petitespyrenees","article_modified_time":"2026-02-08T08:47:31+00:00","og_image":[{"url":"https:\/\/ecoledemusiquedecazeres.fr\/wp-content\/uploads\/2024\/03\/20220521_213914-1024x461.jpg","type":"","width":"","height":""}],"twitter_card":"summary_large_image","twitter_site":"@eimpp","twitter_misc":{"Dur\u00e9e de lecture estim\u00e9e":"3 minutes"},"schema":{"@context":"https:\/\/schema.org","@graph":[{"@type":"WebPage","@id":"https:\/\/ecoledemusiquedecazeres.fr\/","url":"https:\/\/ecoledemusiquedecazeres.fr\/","name":"Accueil - \u00c9cole de musique de Caz\u00e8res de La Maison pour Tous","isPartOf":{"@id":"https:\/\/ecoledemusiquedecazeres.fr\/#website"},"primaryImageOfPage":{"@id":"https:\/\/ecoledemusiquedecazeres.fr\/#primaryimage"},"image":{"@id":"https:\/\/ecoledemusiquedecazeres.fr\/#primaryimage"},"thumbnailUrl":"https:\/\/ecoledemusiquedecazeres.fr\/wp-content\/uploads\/2026\/02\/Atelier-percu-1-scaled-e1770540437965.jpg","datePublished":"2022-08-13T08:46:50+00:00","dateModified":"2026-02-08T08:47:31+00:00","breadcrumb":{"@id":"https:\/\/ecoledemusiquedecazeres.fr\/#breadcrumb"},"inLanguage":"fr-FR","potentialAction":[{"@type":"ReadAction","target":["https:\/\/ecoledemusiquedecazeres.fr\/"]}]},{"@type":"ImageObject","inLanguage":"fr-FR","@id":"https:\/\/ecoledemusiquedecazeres.fr\/#primaryimage","url":"https:\/\/ecoledemusiquedecazeres.fr\/wp-content\/uploads\/2026\/02\/Atelier-percu-1-scaled-e1770540437965.jpg","contentUrl":"https:\/\/ecoledemusiquedecazeres.fr\/wp-content\/uploads\/2026\/02\/Atelier-percu-1-scaled-e1770540437965.jpg","width":2000,"height":959},{"@type":"BreadcrumbList","@id":"https:\/\/ecoledemusiquedecazeres.fr\/#breadcrumb","itemListElement":[{"@type":"ListItem","position":1,"name":"Accueil","item":"https:\/\/ecoledemusiquedecazeres.fr\/"},{"@type":"ListItem","position":2,"name":"Accueil"}]},{"@type":"WebSite","@id":"https:\/\/ecoledemusiquedecazeres.fr\/#website","url":"https:\/\/ecoledemusiquedecazeres.fr\/","name":"\u00c9cole de musique de Caz\u00e8res de La Maison pour Tous","description":"Site web de l&#039;\u00e9cole de musique de Caz\u00e8res de la Maison Pour Tous","publisher":{"@id":"https:\/\/ecoledemusiquedecazeres.fr\/#organization"},"potentialAction":[{"@type":"SearchAction","target":{"@type":"EntryPoint","urlTemplate":"https:\/\/ecoledemusiquedecazeres.fr\/?s={search_term_string}"},"query-input":{"@type":"PropertyValueSpecification","valueRequired":true,"valueName":"search_term_string"}}],"inLanguage":"fr-FR"},{"@type":"Organization","@id":"https:\/\/ecoledemusiquedecazeres.fr\/#organization","name":"\u00c9cole de musique de Caz\u00e8res de La Maison pour Tous","url":"https:\/\/ecoledemusiquedecazeres.fr\/","logo":{"@type":"ImageObject","inLanguage":"fr-FR","@id":"https:\/\/ecoledemusiquedecazeres.fr\/#\/schema\/logo\/image\/","url":"https:\/\/ecoledemusiquedecazeres.fr\/wp-content\/uploads\/2022\/08\/image-1.jpg","contentUrl":"https:\/\/ecoledemusiquedecazeres.fr\/wp-content\/uploads\/2022\/08\/image-1.jpg","width":907,"height":582,"caption":"\u00c9cole de musique de Caz\u00e8res de La Maison pour Tous"},"image":{"@id":"https:\/\/ecoledemusiquedecazeres.fr\/#\/schema\/logo\/image\/"},"sameAs":["https:\/\/fr-fr.facebook.com\/ecolemusique.petitespyrenees","https:\/\/x.com\/eimpp"]}]}},"_links":{"self":[{"href":"https:\/\/ecoledemusiquedecazeres.fr\/index.php?rest_route=\/wp\/v2\/pages\/166","targetHints":{"allow":["GET"]}}],"collection":[{"href":"https:\/\/ecoledemusiquedecazeres.fr\/index.php?rest_route=\/wp\/v2\/pages"}],"about":[{"href":"https:\/\/ecoledemusiquedecazeres.fr\/index.php?rest_route=\/wp\/v2\/types\/page"}],"author":[{"embeddable":true,"href":"https:\/\/ecoledemusiquedecazeres.fr\/index.php?rest_route=\/wp\/v2\/users\/1"}],"replies":[{"embeddable":true,"href":"https:\/\/ecoledemusiquedecazeres.fr\/index.php?rest_route=%2Fwp%2Fv2%2Fcomments&post=166"}],"version-history":[{"count":64,"href":"https:\/\/ecoledemusiquedecazeres.fr\/index.php?rest_route=\/wp\/v2\/pages\/166\/revisions"}],"predecessor-version":[{"id":659,"href":"https:\/\/ecoledemusiquedecazeres.fr\/index.php?rest_route=\/wp\/v2\/pages\/166\/revisions\/659"}],"wp:featuredmedia":[{"embeddable":true,"href":"https:\/\/ecoledemusiquedecazeres.fr\/index.php?rest_route=\/wp\/v2\/media\/664"}],"wp:attachment":[{"href":"https:\/\/ecoledemusiquedecazeres.fr\/index.php?rest_route=%2Fwp%2Fv2%2Fmedia&parent=166"}],"curies":[{"name":"wp","href":"https:\/\/api.w.org\/{rel}","templated":true}]}}